{"id":2940,"date":"2016-07-11T19:43:31","date_gmt":"2016-07-11T19:43:31","guid":{"rendered":"http:\/\/crotalus.me\/ms-design.hr\/en\/?page_id=2940"},"modified":"2020-09-15T23:22:46","modified_gmt":"2020-09-15T23:22:46","slug":"servis","status":"publish","type":"page","link":"https:\/\/ms-ambulance.hr\/en\/servis\/","title":{"rendered":"Service"},"content":{"rendered":"<p>[et_pb_section admin_label=&#8221;section&#8221; fullwidth=&#8221;on&#8221; specialty=&#8221;off&#8221; background_color=&#8221;#2ea3f2&#8243; inner_shadow=&#8221;on&#8221; parallax=&#8221;off&#8221; transparent_background=&#8221;off&#8221; allow_player_pause=&#8221;off&#8221; parallax_method=&#8221;off&#8221; padding_mobile=&#8221;off&#8221; make_fullwidth=&#8221;off&#8221; use_custom_width=&#8221;off&#8221; width_unit=&#8221;on&#8221; make_equal=&#8221;off&#8221; use_custom_gutter=&#8221;off&#8221; custom_css_main_element=&#8221;border-bottom:50px solid #f9f9f9&#8243;][et_pb_fullwidth_header admin_label=&#8221;Fullwidth Header&#8221; title=&#8221;Maintainence&#8221; subhead=&#8221;Servis sanitetskih vozila i vozila hitne pomo\u0107i&#8221; background_layout=&#8221;dark&#8221; text_orientation=&#8221;left&#8221; header_fullscreen=&#8221;off&#8221; header_scroll_down=&#8221;off&#8221; parallax=&#8221;off&#8221; parallax_method=&#8221;off&#8221; content_orientation=&#8221;center&#8221; image_orientation=&#8221;bottom&#8221; custom_button_one=&#8221;off&#8221; button_one_letter_spacing=&#8221;0&#8243; button_one_use_icon=&#8221;default&#8221; button_one_icon_placement=&#8221;right&#8221; button_one_on_hover=&#8221;on&#8221; button_one_letter_spacing_hover=&#8221;0&#8243; custom_button_two=&#8221;off&#8221; button_two_letter_spacing=&#8221;0&#8243; button_two_use_icon=&#8221;default&#8221; button_two_icon_placement=&#8221;right&#8221; button_two_on_hover=&#8221;on&#8221; button_two_letter_spacing_hover=&#8221;0&#8243; title_font_color=&#8221;#ffffff&#8221; title_font=&#8221;Open Sans|on|||&#8221; title_font_size=&#8221;45px&#8221; subhead_font_color=&#8221;#ffffff&#8221; subhead_font=&#8221;Open Sans|||on|&#8221; subhead_font_size=&#8221;15&#8243; content_font=&#8221;Open Sans||||&#8221; content_font_size=&#8221;15px&#8221; background_color=&#8221;#00aeef&#8221; background_url=&#8221;https:\/\/ms-ambulance.hr\/wp-content\/uploads\/2016\/06\/ms-bg4.jpg&#8221;]<\/p>\n<p>&nbsp;<\/p>\n<p>&nbsp;<\/p>\n<p>[\/et_pb_fullwidth_header][\/et_pb_section][et_pb_section admin_label=&#8221;section&#8221; fullwidth=&#8221;off&#8221; specialty=&#8221;on&#8221; transparent_background=&#8221;off&#8221; background_color=&#8221;#ffffff&#8221; allow_player_pause=&#8221;off&#8221; inner_shadow=&#8221;off&#8221; parallax=&#8221;off&#8221; parallax_method=&#8221;off&#8221; custom_padding=&#8221;2%|||&#8221; padding_mobile=&#8221;off&#8221; make_fullwidth=&#8221;off&#8221; use_custom_width=&#8221;off&#8221; width_unit=&#8221;on&#8221; make_equal=&#8221;off&#8221; use_custom_gutter=&#8221;off&#8221; parallax_1=&#8221;off&#8221; parallax_method_1=&#8221;off&#8221; parallax_2=&#8221;off&#8221; parallax_method_2=&#8221;off&#8221;][et_pb_column type=&#8221;3_4&#8243; specialty_columns=&#8221;3&#8243;][et_pb_row_inner admin_label=&#8221;row_inner&#8221;][et_pb_column_inner type=&#8221;4_4&#8243; saved_specialty_column_type=&#8221;3_4&#8243;][et_pb_text admin_label=&#8221;Text&#8221; background_layout=&#8221;light&#8221; text_orientation=&#8221;left&#8221; use_border_color=&#8221;off&#8221; border_color=&#8221;#ffffff&#8221; border_style=&#8221;solid&#8221; text_font=&#8221;Open Sans||||&#8221; text_font_size=&#8221;15&#8243; text_line_height=&#8221;1.8em&#8221;]<\/p>\n<p>Contact :<\/p>\n<h4>Production \u00a0Manager:<\/h4>\n<p><strong>\u017darko Lu\u010di\u0107\u00a0\u00a0\u00a0<\/strong><br \/>\n091\/4433639<\/p>\n<h4>Head of service of electrical installations<\/h4>\n<p><strong>Zoran Bla\u017eevi\u0107<\/strong><br \/>\n091\/6055484<br \/>\n<a href=\"mailto:zoran.blazevic@ms-ambulance.hr\">zoran.blazevic@ms-ambulance.hr<\/a><\/p>\n<p>[\/et_pb_text][\/et_pb_column_inner][\/et_pb_row_inner][\/et_pb_column][et_pb_column type=&#8221;1_4&#8243;][et_pb_sidebar admin_label=&#8221;Sidebar&#8221; orientation=&#8221;right&#8221; background_layout=&#8221;light&#8221;]<\/p>\n<p>[\/et_pb_sidebar][\/et_pb_column][\/et_pb_section]<\/p>\n","protected":false},"excerpt":{"rendered":"<p>&nbsp; &nbsp; Contact : Production \u00a0Manager: \u017darko Lu\u010di\u0107\u00a0\u00a0\u00a0 091\/4433639 Head of service of electrical installations Zoran Bla\u017eevi\u0107 091\/6055484 zoran.blazevic@ms-ambulance.hr<\/p>\n","protected":false},"author":1,"featured_media":0,"parent":0,"menu_order":0,"comment_status":"closed","ping_status":"closed","template":"","meta":{"_et_pb_use_builder":"on","_et_pb_old_content":"<p>[et_pb_section admin_label=\"section\" fullwidth=\"on\" specialty=\"off\" background_color=\"#2ea3f2\" inner_shadow=\"on\" parallax=\"off\" transparent_background=\"off\" allow_player_pause=\"off\" parallax_method=\"off\" padding_mobile=\"off\" make_fullwidth=\"off\" use_custom_width=\"off\" width_unit=\"on\" make_equal=\"off\" use_custom_gutter=\"off\" custom_css_main_element=\"border-bottom:50px solid #f9f9f9\"][et_pb_fullwidth_header admin_label=\"Fullwidth Header\" title=\"Servis\" subhead=\"Servis sanitetskih vozila i vozila hitne pomo\u0107i\" background_layout=\"dark\" text_orientation=\"left\" header_fullscreen=\"off\" header_scroll_down=\"off\" parallax=\"off\" parallax_method=\"off\" content_orientation=\"center\" image_orientation=\"bottom\" custom_button_one=\"off\" button_one_letter_spacing=\"0\" button_one_use_icon=\"default\" button_one_icon_placement=\"right\" button_one_on_hover=\"on\" button_one_letter_spacing_hover=\"0\" custom_button_two=\"off\" button_two_letter_spacing=\"0\" button_two_use_icon=\"default\" button_two_icon_placement=\"right\" button_two_on_hover=\"on\" button_two_letter_spacing_hover=\"0\" title_font_color=\"#ffffff\" title_font=\"Open Sans|on|||\" title_font_size=\"45px\" subhead_font_color=\"#ffffff\" subhead_font=\"Open Sans|||on|\" subhead_font_size=\"15\" content_font=\"Open Sans||||\" content_font_size=\"15px\" background_color=\"#00aeef\" background_url=\"https:\/\/ms-ambulance.hr\/wp-content\/uploads\/2016\/06\/ms-bg4.jpg\"]<\/p><p>[\/et_pb_fullwidth_header][\/et_pb_section][et_pb_section admin_label=\"section\" fullwidth=\"off\" specialty=\"on\" transparent_background=\"off\" background_color=\"#ffffff\" allow_player_pause=\"off\" inner_shadow=\"off\" parallax=\"off\" parallax_method=\"off\" custom_padding=\"2%|||\" padding_mobile=\"off\" make_fullwidth=\"off\" use_custom_width=\"off\" width_unit=\"on\" make_equal=\"off\" use_custom_gutter=\"off\" parallax_1=\"off\" parallax_method_1=\"off\" parallax_2=\"off\" parallax_method_2=\"off\"][et_pb_column type=\"3_4\" specialty_columns=\"3\"][et_pb_row_inner admin_label=\"row_inner\"][et_pb_column_inner type=\"4_4\" saved_specialty_column_type=\"3_4\"][et_pb_text admin_label=\"Text\" background_layout=\"light\" text_orientation=\"left\" use_border_color=\"off\" border_color=\"#ffffff\" border_style=\"solid\" text_font=\"Open Sans||||\" text_font_size=\"15\" text_line_height=\"1.8em\"]<\/p><p>Lorem ipsum dolor sit amet, consectetur adipiscing elit. Quisque dapibus ac dolor nec porttitor. Ut condimentum orci lectus, non facilisis mi euismod in. In pellentesque eu lacus id interdum. Ut ligula velit, ullamcorper et turpis vehicula, posuere rhoncus urna. Ut imperdiet enim ac sem sagittis interdum.<\/p><p>[\/et_pb_text][\/et_pb_column_inner][\/et_pb_row_inner][\/et_pb_column][et_pb_column type=\"1_4\"][et_pb_sidebar admin_label=\"Sidebar\" orientation=\"right\" background_layout=\"light\"]<\/p><p>[\/et_pb_sidebar][\/et_pb_column][\/et_pb_section]<\/p>","_et_gb_content_width":"","footnotes":""},"class_list":["post-2940","page","type-page","status-publish","hentry"],"_links":{"self":[{"href":"https:\/\/ms-ambulance.hr\/en\/wp-json\/wp\/v2\/pages\/2940","targetHints":{"allow":["GET"]}}],"collection":[{"href":"https:\/\/ms-ambulance.hr\/en\/wp-json\/wp\/v2\/pages"}],"about":[{"href":"https:\/\/ms-ambulance.hr\/en\/wp-json\/wp\/v2\/types\/page"}],"author":[{"embeddable":true,"href":"https:\/\/ms-ambulance.hr\/en\/wp-json\/wp\/v2\/users\/1"}],"replies":[{"embeddable":true,"href":"https:\/\/ms-ambulance.hr\/en\/wp-json\/wp\/v2\/comments?post=2940"}],"version-history":[{"count":6,"href":"https:\/\/ms-ambulance.hr\/en\/wp-json\/wp\/v2\/pages\/2940\/revisions"}],"predecessor-version":[{"id":5672,"href":"https:\/\/ms-ambulance.hr\/en\/wp-json\/wp\/v2\/pages\/2940\/revisions\/5672"}],"wp:attachment":[{"href":"https:\/\/ms-ambulance.hr\/en\/wp-json\/wp\/v2\/media?parent=2940"}],"curies":[{"name":"wp","href":"https:\/\/api.w.org\/{rel}","templated":true}]}}