{"id":2952,"date":"2016-07-11T19:57:10","date_gmt":"2016-07-11T19:57:10","guid":{"rendered":"http:\/\/crotalus.me\/ms-design.hr\/en\/?page_id=2952"},"modified":"2025-03-07T00:02:53","modified_gmt":"2025-03-07T00:02:53","slug":"about","status":"publish","type":"page","link":"https:\/\/ms-ambulance.hr\/en\/about\/","title":{"rendered":"About"},"content":{"rendered":"<p>[et_pb_section fb_built=&#8221;1&#8243; inner_shadow=&#8221;on&#8221; fullwidth=&#8221;on&#8221; custom_padding_last_edited=&#8221;on|desktop&#8221; admin_label=&#8221;section&#8221; _builder_version=&#8221;4.16&#8243; background_color=&#8221;#2ea3f2&#8243; custom_padding_tablet=&#8221;50px|0|50px|0&#8243; custom_padding_phone=&#8221;&#8221; custom_css_main_element=&#8221;margin-bottom:0;||border-bottom: 50px solid #f9f9f9&#8243; transparent_background=&#8221;off&#8221; padding_mobile=&#8221;off&#8221; make_fullwidth=&#8221;off&#8221; use_custom_width=&#8221;off&#8221; width_unit=&#8221;on&#8221; global_colors_info=&#8221;{}&#8221;][et_pb_fullwidth_header title=&#8221;About us&#8221; subhead=&#8221;MS Ambulance &#8221; image_orientation=&#8221;bottom&#8221; content_max_width=&#8221;none&#8221; title_font_color=&#8221;#ffffff&#8221; subhead_font_color=&#8221;#ffffff&#8221; admin_label=&#8221;Fullwidth Header&#8221; _builder_version=&#8221;4.16&#8243; title_font=&#8221;Open Sans|on|||&#8221; title_text_color=&#8221;#ffffff&#8221; title_font_size=&#8221;45px&#8221; content_font=&#8221;Open Sans||||&#8221; content_font_size=&#8221;15px&#8221; subhead_font=&#8221;Open Sans|||on|&#8221; subhead_text_color=&#8221;#ffffff&#8221; subhead_font_size=&#8221;15&#8243; background_color=&#8221;#00aeef&#8221; background_image=&#8221;https:\/\/ms-ambulance.hr\/wp-content\/uploads\/2016\/06\/ms-bg4.jpg&#8221; background_url=&#8221;https:\/\/ms-ambulance.hr\/wp-content\/uploads\/2016\/06\/ms-bg4.jpg&#8221; button_one_letter_spacing_hover=&#8221;0&#8243; button_two_letter_spacing_hover=&#8221;0&#8243; global_colors_info=&#8221;{}&#8221; button_one_text_size__hover_enabled=&#8221;off&#8221; button_two_text_size__hover_enabled=&#8221;off&#8221; button_one_text_color__hover_enabled=&#8221;off&#8221; button_two_text_color__hover_enabled=&#8221;off&#8221; button_one_border_width__hover_enabled=&#8221;off&#8221; button_two_border_width__hover_enabled=&#8221;off&#8221; button_one_border_color__hover_enabled=&#8221;off&#8221; button_two_border_color__hover_enabled=&#8221;off&#8221; button_one_border_radius__hover_enabled=&#8221;off&#8221; button_two_border_radius__hover_enabled=&#8221;off&#8221; button_one_letter_spacing__hover_enabled=&#8221;on&#8221; button_one_letter_spacing__hover=&#8221;0&#8243; button_two_letter_spacing__hover_enabled=&#8221;on&#8221; button_two_letter_spacing__hover=&#8221;0&#8243; button_one_bg_color__hover_enabled=&#8221;off&#8221; button_two_bg_color__hover_enabled=&#8221;off&#8221;][\/et_pb_fullwidth_header][\/et_pb_section][et_pb_section fb_built=&#8221;1&#8243; specialty=&#8221;on&#8221; custom_padding_last_edited=&#8221;on|desktop&#8221; parallax_method_1=&#8221;off&#8221; parallax_method_2=&#8221;off&#8221; admin_label=&#8221;section&#8221; _builder_version=&#8221;4.16&#8243; background_color=&#8221;#ffffff&#8221; custom_padding=&#8221;2%|||&#8221; custom_padding_tablet=&#8221;50px|0|50px|0&#8243; custom_padding_phone=&#8221;&#8221; transparent_background=&#8221;off&#8221; padding_mobile=&#8221;off&#8221; make_fullwidth=&#8221;off&#8221; use_custom_width=&#8221;off&#8221; width_unit=&#8221;on&#8221; global_colors_info=&#8221;{}&#8221;][et_pb_column type=&#8221;3_4&#8243; specialty_columns=&#8221;3&#8243; _builder_version=&#8221;4.16&#8243; custom_padding=&#8221;|||&#8221; global_colors_info=&#8221;{}&#8221; custom_padding__hover=&#8221;|||&#8221;][et_pb_row_inner padding_mobile=&#8221;off&#8221; column_padding_mobile=&#8221;on&#8221; admin_label=&#8221;row_inner&#8221; _builder_version=&#8221;4.16&#8243; custom_margin=&#8221;-30px|||&#8221; custom_padding=&#8221;||0px|&#8221; global_colors_info=&#8221;{}&#8221;][et_pb_column_inner saved_specialty_column_type=&#8221;3_4&#8243; _builder_version=&#8221;4.16&#8243; custom_padding=&#8221;|||&#8221; global_colors_info=&#8221;{}&#8221; custom_padding__hover=&#8221;|||&#8221;][et_pb_text disabled_on=&#8221;off|off|off&#8221; admin_label=&#8221;Text&#8221; _builder_version=&#8221;4.25.1&#8243; text_font=&#8221;Open Sans||||&#8221; text_font_size=&#8221;15&#8243; text_line_height=&#8221;1.8em&#8221; background_size=&#8221;initial&#8221; background_position=&#8221;top_left&#8221; background_repeat=&#8221;repeat&#8221; custom_margin=&#8221;0px|||&#8221; custom_padding=&#8221;30px|||&#8221; use_border_color=&#8221;off&#8221; border_color=&#8221;#ffffff&#8221; border_style=&#8221;solid&#8221; global_colors_info=&#8221;{}&#8221;]<\/p>\n<p><img loading=\"lazy\" decoding=\"async\" class=\"wp-image-6747 alignnone size-full\" src=\"https:\/\/ms-ambulance.hr\/wp-content\/uploads\/2024\/06\/MG_2475_O-nama.jpg\" alt=\"\" width=\"2560\" height=\"1300\" srcset=\"https:\/\/ms-ambulance.hr\/wp-content\/uploads\/2024\/06\/MG_2475_O-nama.jpg 2560w, https:\/\/ms-ambulance.hr\/wp-content\/uploads\/2024\/06\/MG_2475_O-nama-1280x650.jpg 1280w, https:\/\/ms-ambulance.hr\/wp-content\/uploads\/2024\/06\/MG_2475_O-nama-980x498.jpg 980w, https:\/\/ms-ambulance.hr\/wp-content\/uploads\/2024\/06\/MG_2475_O-nama-480x244.jpg 480w\" sizes=\"(min-width: 0px) and (max-width: 480px) 480px, (min-width: 481px) and (max-width: 980px) 980px, (min-width: 981px) and (max-width: 1280px) 1280px, (min-width: 1281px) 2560px, 100vw\" \/><\/p>\n<p>We are a privately owned company, founded on July 22, 1992. year under the name MS design d.o.o. since we have been successfully operating and creating in various craft activities and engineering challenges. In addition to the tuning on personal vehicles, we have attracted a lot of media attention with successful performances of convertible constructions on the chassis of the legendary VW Beetle.<\/p>\n<p>In addition to tuning, we tested our creativity and the need for technical and design challenges for many years in the production of solar collectors with associated equipment and through market demand, we finally formed in the production of equipment for ambulances, thermoforming ABS sanitary linings, processing and editing ambulances and medical transport, which is currently our company&#8217;s main business.<\/p>\n<p>In addition, on April 1, 2016, a new company was founded due to the specifics of the business called <strong>MS ambulance d.o.o.<\/strong> under what name the company still operates today, after the check we closed MS design.<\/p>\n<p>Once MS design d.o.o. now MS ambulance d.o.o. it based its success exclusively on a high degree of innovation and the uniqueness of its products, and in combination with a significant percentage of its own production, exceptional competitiveness and market success was achieved.<\/p>\n<p>The internal organization is tailored to the business and private interests of employees. The work is interesting, challenging and interesting due to creativity in work and work with the latest technologies, methodologies and practices in the production and development of the final product.<\/p>\n<p>Teamwork, mutual support, a culture of good relations among colleagues and the horizontal structure of the company allows employees a strong influence in the company, the realization of initiative and control over achieving their own results that are recognized and rewarded which ultimately gives companies security strength and flexibility in the biggest business challenges.<\/p>\n<p>The common goal of all employees strives for conscientious, meticulous and quality final performance of the final product with the aim of achieving top results with responsible and detailed attention to the smallest possible detail in the production process.<\/p>\n<p>With multiple control through the process of the ISO 9001: 2008 system, we achieve constant progress in business and improving the quality of the product itself and achieving meaningful use value of finished products.<\/p>\n<p>Mario Medvidovi\u0107 is the owner and founder of these companies. Born in Sarajevo on July 29, 1968. He completed his studies in Zagreb as a civil engineer. He has lived and worked in Jagodno since the very beginning of MS design and now MS ambulance d.o.o.<\/p>\n<p>In addition to the well-established business of emergency medical transport vehicles, the company offers in its product range the production of mobile homes for tourism under the brand: <strong>MS mobile HOME<\/strong> and the production of SIP panels under the brand <strong>MS SIP panels \/ prefabricated construction<\/strong>. In addition to cooperation with business associates and subcontractors, we also build and assemble prefabricated family houses in SIP panel technology.<\/p>\n<p>We have big plans and challenges ahead of us.<\/p>\n<p>Founder:<\/p>\n<p><strong>Ing. constr. Mario Medvidovi\u0107<\/strong><\/p>\n<p>&nbsp;<\/p>\n<p>[\/et_pb_text][\/et_pb_column_inner][\/et_pb_row_inner][et_pb_row_inner column_structure=&#8221;1_2,1_2&#8243; padding_mobile=&#8221;off&#8221; column_padding_mobile=&#8221;on&#8221; admin_label=&#8221;row_inner&#8221; _builder_version=&#8221;4.16&#8243; custom_padding=&#8221;20px|||&#8221; global_colors_info=&#8221;{}&#8221;][et_pb_column_inner type=&#8221;1_2&#8243; saved_specialty_column_type=&#8221;3_4&#8243; _builder_version=&#8221;4.16&#8243; custom_padding=&#8221;|||&#8221; global_colors_info=&#8221;{}&#8221; custom_padding__hover=&#8221;|||&#8221;][et_pb_text disabled_on=&#8221;on|on|on&#8221; admin_label=&#8221;Text&#8221; _builder_version=&#8221;4.16&#8243; background_size=&#8221;initial&#8221; background_position=&#8221;top_left&#8221; background_repeat=&#8221;repeat&#8221; use_border_color=&#8221;off&#8221; border_color=&#8221;#ffffff&#8221; border_style=&#8221;solid&#8221; disabled=&#8221;on&#8221; global_colors_info=&#8221;{}&#8221;]<\/p>\n<blockquote><p>The common goal of all employees is a conscious, detail oriented and quality realisation of the final product in order to achieve exceptional results through a responsible and detailed surveillance of all elements in the production process.<\/p><\/blockquote>\n<p>[\/et_pb_text][\/et_pb_column_inner][et_pb_column_inner type=&#8221;1_2&#8243; saved_specialty_column_type=&#8221;3_4&#8243; _builder_version=&#8221;4.16&#8243; custom_padding=&#8221;|||&#8221; global_colors_info=&#8221;{}&#8221; custom_padding__hover=&#8221;|||&#8221;][et_pb_text disabled_on=&#8221;on|on|on&#8221; admin_label=&#8221;Text&#8221; _builder_version=&#8221;4.16&#8243; background_size=&#8221;initial&#8221; background_position=&#8221;top_left&#8221; background_repeat=&#8221;repeat&#8221; use_border_color=&#8221;off&#8221; border_color=&#8221;#ffffff&#8221; border_style=&#8221;solid&#8221; disabled=&#8221;on&#8221; global_colors_info=&#8221;{}&#8221;]<\/p>\n<blockquote><p>By applying multiple controls in the ISO 9001:2008 process, we constantly progress in our work and improve the quality of the products as well as accomplish useful value of altered vehicles.<\/p><\/blockquote>\n<p>[\/et_pb_text][\/et_pb_column_inner][\/et_pb_row_inner][et_pb_row_inner padding_mobile=&#8221;off&#8221; column_padding_mobile=&#8221;on&#8221; admin_label=&#8221;Row&#8221; _builder_version=&#8221;4.16&#8243; global_colors_info=&#8221;{}&#8221;][et_pb_column_inner saved_specialty_column_type=&#8221;3_4&#8243; _builder_version=&#8221;4.16&#8243; custom_padding=&#8221;|||&#8221; global_colors_info=&#8221;{}&#8221; custom_padding__hover=&#8221;|||&#8221;][et_pb_text disabled_on=&#8221;on|on|on&#8221; admin_label=&#8221;Text&#8221; _builder_version=&#8221;4.16&#8243; background_size=&#8221;initial&#8221; background_position=&#8221;top_left&#8221; background_repeat=&#8221;repeat&#8221; use_border_color=&#8221;off&#8221; border_color=&#8221;#ffffff&#8221; border_style=&#8221;solid&#8221; disabled=&#8221;on&#8221; global_colors_info=&#8221;{}&#8221;]<\/p>\n<h3>Company values and principles:<\/h3>\n<ul>\n<li>respect the highest ethical standards<\/li>\n<li>settle all outstanding debts to partners within due dates<\/li>\n<li>treat customers, partners and colleagues as we would like to be treated<br \/>\nourselves<\/li>\n<li>employ the best available employees and establish the best possible<br \/>\nbusiness relationship<\/li>\n<li>deliver quality products and offer the highest standard of technical support<\/li>\n<li>honesty and perfection in any business contacts<\/li>\n<\/ul>\n<p>[\/et_pb_text][\/et_pb_column_inner][\/et_pb_row_inner][\/et_pb_column][et_pb_column type=&#8221;1_4&#8243; _builder_version=&#8221;4.16&#8243; custom_padding=&#8221;|||&#8221; global_colors_info=&#8221;{}&#8221; custom_padding__hover=&#8221;|||&#8221;][et_pb_sidebar orientation=&#8221;right&#8221; admin_label=&#8221;Sidebar&#8221; _builder_version=&#8221;4.25.1&#8243; hover_enabled=&#8221;0&#8243; global_colors_info=&#8221;{}&#8221; area=&#8221;sidebar-1&#8243; sticky_enabled=&#8221;0&#8243;][\/et_pb_sidebar][\/et_pb_column][\/et_pb_section]<\/p>\n","protected":false},"excerpt":{"rendered":"<p>We are a privately owned company, founded on July 22, 1992. year under the name MS design d.o.o. since we have been successfully operating and creating in various craft activities and engineering challenges. In addition to the tuning on personal vehicles, we have attracted a lot of media attention with successful performances of convertible constructions [&hellip;]<\/p>\n","protected":false},"author":1,"featured_media":0,"parent":0,"menu_order":0,"comment_status":"closed","ping_status":"closed","template":"","meta":{"_et_pb_use_builder":"on","_et_pb_old_content":"<p>[et_pb_section admin_label=\"section\" fullwidth=\"on\" specialty=\"off\" background_color=\"#2ea3f2\" inner_shadow=\"on\" parallax=\"off\" transparent_background=\"off\" allow_player_pause=\"off\" parallax_method=\"off\" padding_mobile=\"off\" make_fullwidth=\"off\" use_custom_width=\"off\" width_unit=\"on\" make_equal=\"off\" use_custom_gutter=\"off\" custom_css_main_element=\"margin-bottom:0;||border-bottom: 50px solid #f9f9f9\"][et_pb_fullwidth_header admin_label=\"Fullwidth Header\" title=\"O nama\" subhead=\"MS Ambulance i MS Design\" background_layout=\"dark\" text_orientation=\"left\" header_fullscreen=\"off\" header_scroll_down=\"off\" parallax=\"off\" parallax_method=\"off\" content_orientation=\"center\" image_orientation=\"bottom\" custom_button_one=\"off\" button_one_letter_spacing=\"0\" button_one_use_icon=\"default\" button_one_icon_placement=\"right\" button_one_on_hover=\"on\" button_one_letter_spacing_hover=\"0\" custom_button_two=\"off\" button_two_letter_spacing=\"0\" button_two_use_icon=\"default\" button_two_icon_placement=\"right\" button_two_on_hover=\"on\" button_two_letter_spacing_hover=\"0\" title_font_color=\"#ffffff\" title_font=\"Open Sans|on|||\" title_font_size=\"45px\" subhead_font_color=\"#ffffff\" subhead_font=\"Open Sans|||on|\" subhead_font_size=\"15\" content_font=\"Open Sans||||\" content_font_size=\"15px\" background_color=\"#00aeef\" background_url=\"https:\/\/ms-ambulance.hr\/wp-content\/uploads\/2016\/06\/ms-bg4.jpg\"] [\/et_pb_fullwidth_header][\/et_pb_section][et_pb_section admin_label=\"section\" fullwidth=\"off\" specialty=\"on\" transparent_background=\"off\" background_color=\"#ffffff\" allow_player_pause=\"off\" inner_shadow=\"off\" parallax=\"off\" parallax_method=\"off\" padding_mobile=\"off\" make_fullwidth=\"off\" use_custom_width=\"off\" width_unit=\"on\" make_equal=\"off\" use_custom_gutter=\"off\" parallax_1=\"off\" parallax_method_1=\"off\" parallax_2=\"off\" parallax_method_2=\"off\" custom_padding=\"2%|||\"][et_pb_column type=\"3_4\" specialty_columns=\"3\"][et_pb_row_inner admin_label=\"row_inner\" padding_mobile=\"off\" use_custom_gutter=\"off\" column_padding_mobile=\"on\" custom_margin=\"-30px|||\" make_equal=\"off\" parallax_1=\"off\" parallax_method_1=\"off\"][et_pb_column_inner type=\"4_4\" saved_specialty_column_type=\"3_4\"][et_pb_text admin_label=\"Text\" background_layout=\"light\" text_orientation=\"left\" use_border_color=\"off\" border_color=\"#ffffff\" border_style=\"solid\" text_font=\"Open Sans||||\" text_font_size=\"15\" text_line_height=\"1.8em\" custom_padding=\"30px|||\" custom_margin=\"0px|||\"]<\/p><p><img class=\"alignleft wp-image-1600 size-medium\" src=\"https:\/\/ms-ambulance.hr\/wp-content\/uploads\/2016\/06\/opremanje-senitetskih-vozila-300x225.jpg\" alt=\"MS design - vozila hitne pomo\u0107i\" width=\"300\" height=\"225\" \/>MS Design d.o.o. je tvrtka u privatnom vlasni\u0161tvu, osnovana \u00a022.07.1992. od kada uspje\u0161no djeluje u raznim djelatnostima, pri \u010demu izdvajamo izrade cabrio konstrukcija za VW \u201eBubu\u201c s kojima smo privukli zavidnu medijsku pozornost na doma\u0107em tr\u017ei\u0161tu i \u0161ire.<\/p><p>Oku\u0161ali smo svoju kreativnost i potrebu za tehni\u010dko-dizajnerskim izazovima kroz dugi niz godina i u tuningu osobnih vozila te proizvodnji solarnih kolektora s pripadaju\u0107om opremom i u kona\u010dnici se formirali u proizvodnji opreme za sanitetska vozila, termoformiranje ABS sanitetskih obloga, preradu i ure\u0111ivanje vozila za HMP i SNP.<\/p><p>Tvrtka MS Design d.o.o. isklju\u010divo temelji svoj uspjeh na visokom stupnju inovativnosti i posebnosti svojih proizvoda, a u kombinaciji sa znatnim postotkom vlastite proizvodnje postignuta je iznimna \u00a0konkurentnost i uspje\u0161nost \u0161to dokazuje nominacija za najboljeg hrvatskog poduzetnika za 2010. i znatan broj dobivenih patenata i za\u0161tita modela.<\/p><p>Unutarnja organizacija je prilago\u0111ena poslovnim i privatnim interesima zaposlenika. Posao je interesantan, izazovan i zanimljiv zbog kreativnosti u radu i rada s najnovijim tehnologijama, metodologijama i praksama u izradi i razvoju zavr\u0161nog proizvoda. Timski rad, me\u0111usobna podr\u0161ka, kultura dobrih odnosa me\u0111u kolegama i horizontalna struktura tvrtke omogu\u0107uje zaposlenicima jak utjecaj u tvrtki, ostvarivanje inicijative i kontrolu\u00a0 u postizanju vlastitih rezultata koji se prepoznaju i nagra\u0111uju.<\/p><p>[\/et_pb_text][\/et_pb_column_inner][\/et_pb_row_inner][et_pb_row_inner admin_label=\"row_inner\"][et_pb_column_inner type=\"1_2\" saved_specialty_column_type=\"3_4\"][et_pb_text admin_label=\"Text\" background_layout=\"light\" text_orientation=\"left\" use_border_color=\"off\" border_color=\"#ffffff\" border_style=\"solid\"]<\/p><blockquote><p>Zajedni\u010dki cilj svih djelatnika te\u017ei savjesnoj, pedantnoj i kvalitetnoj kona\u010dnoj izvedbi zavr\u0161nog proizvoda radi postizanja vrhunskog rezultata s odgovornim i detaljnim osvrtom na najmanji mogu\u0107i detalj u procesu proizvodnje.<\/p><\/blockquote><p>[\/et_pb_text][\/et_pb_column_inner][et_pb_column_inner type=\"1_2\" saved_specialty_column_type=\"3_4\"][et_pb_text admin_label=\"Text\" background_layout=\"light\" text_orientation=\"left\" use_border_color=\"off\" border_color=\"#ffffff\" border_style=\"solid\"]<\/p><blockquote><p>Uz vi\u0161ekratnu kontrolu kroz proces sustava ISO 9001:2008 posti\u017eemo stalni napredak u poslovanju i usavr\u0161avanju kvalitete samog proizvoda i postizanja smislene uporabne vrijednosti prera\u0111enih vozila.<\/p><\/blockquote><p>[\/et_pb_text][\/et_pb_column_inner][\/et_pb_row_inner][et_pb_row_inner admin_label=\"Row\" padding_mobile=\"off\" use_custom_gutter=\"off\" column_padding_mobile=\"on\" make_equal=\"off\" parallax_1=\"off\" parallax_method_1=\"off\"][et_pb_column_inner type=\"4_4\" saved_specialty_column_type=\"3_4\"][et_pb_text admin_label=\"Text\" background_layout=\"light\" text_orientation=\"left\" use_border_color=\"off\" border_color=\"#ffffff\" border_style=\"solid\"]<\/p><h3>Vrijednosti i na\u010dela poslovanja:<\/h3><ul><li>poslovati po najvi\u0161im eti\u010dkim na\u010delima<\/li><li>podmirivati sva dugovanja prema suradnicima u dogovorenim rokovima<\/li><li>odnositi se prema korisnicima, poslovnim partnerima i kolegama onako kako bi htjeli da se oni odnose prema nama<\/li><li>zapo\u0161ljavati najbolje djelatnika i graditi najbolje mogu\u0107e poslovne odnose<\/li><li>isporu\u010diti kvalitetne proizvode i pru\u017eiti najvi\u0161u mogu\u0107u razinu tehni\u010dke podr\u0161ke<\/li><li>po\u0161tenje i besprijekornost u svakom poslovnom kontaktu<\/li><\/ul><p>[\/et_pb_text][\/et_pb_column_inner][\/et_pb_row_inner][\/et_pb_column][et_pb_column type=\"1_4\"][et_pb_sidebar admin_label=\"Sidebar\" orientation=\"right\" background_layout=\"light\"] [\/et_pb_sidebar][\/et_pb_column][\/et_pb_section]<\/p>","_et_gb_content_width":"","footnotes":""},"class_list":["post-2952","page","type-page","status-publish","hentry"],"_links":{"self":[{"href":"https:\/\/ms-ambulance.hr\/en\/wp-json\/wp\/v2\/pages\/2952","targetHints":{"allow":["GET"]}}],"collection":[{"href":"https:\/\/ms-ambulance.hr\/en\/wp-json\/wp\/v2\/pages"}],"about":[{"href":"https:\/\/ms-ambulance.hr\/en\/wp-json\/wp\/v2\/types\/page"}],"author":[{"embeddable":true,"href":"https:\/\/ms-ambulance.hr\/en\/wp-json\/wp\/v2\/users\/1"}],"replies":[{"embeddable":true,"href":"https:\/\/ms-ambulance.hr\/en\/wp-json\/wp\/v2\/comments?post=2952"}],"version-history":[{"count":17,"href":"https:\/\/ms-ambulance.hr\/en\/wp-json\/wp\/v2\/pages\/2952\/revisions"}],"predecessor-version":[{"id":7551,"href":"https:\/\/ms-ambulance.hr\/en\/wp-json\/wp\/v2\/pages\/2952\/revisions\/7551"}],"wp:attachment":[{"href":"https:\/\/ms-ambulance.hr\/en\/wp-json\/wp\/v2\/media?parent=2952"}],"curies":[{"name":"wp","href":"https:\/\/api.w.org\/{rel}","templated":true}]}}