{"id":2956,"date":"2016-07-11T20:00:18","date_gmt":"2016-07-11T20:00:18","guid":{"rendered":"http:\/\/crotalus.me\/ms-design.hr\/en\/?page_id=2956"},"modified":"2024-07-03T12:09:23","modified_gmt":"2024-07-03T12:09:23","slug":"references","status":"publish","type":"page","link":"https:\/\/ms-ambulance.hr\/en\/references\/","title":{"rendered":"References"},"content":{"rendered":"<p>[et_pb_section fb_built=&#8221;1&#8243; fullwidth=&#8221;on&#8221; custom_padding_last_edited=&#8221;on|desktop&#8221; admin_label=&#8221;section&#8221; _builder_version=&#8221;4.16&#8243; background_color=&#8221;#ffffff&#8221; custom_padding_tablet=&#8221;50px|0|50px|0&#8243; custom_padding_phone=&#8221;50px|0|50px|0&#8243; custom_css_main_element=&#8221;border-bottom:50px solid #f9f9f9&#8243; transparent_background=&#8221;off&#8221; padding_mobile=&#8221;off&#8221; make_fullwidth=&#8221;off&#8221; use_custom_width=&#8221;off&#8221; width_unit=&#8221;on&#8221; global_colors_info=&#8221;{}&#8221;][et_pb_fullwidth_header title=&#8221;References&#8221; subhead=&#8221;Our client list&#8221; content_max_width=&#8221;none&#8221; title_font_color=&#8221;#ffffff&#8221; subhead_font_color=&#8221;#ffffff&#8221; disabled_on=&#8221;off|off|off&#8221; admin_label=&#8221;Fullwidth Header&#8221; _builder_version=&#8221;4.25.1&#8243; title_font=&#8221;Open Sans|on|||&#8221; title_text_color=&#8221;#ffffff&#8221; content_font=&#8221;Open Sans||||&#8221; content_font_size=&#8221;16px&#8221; subhead_font=&#8221;Open Sans|||on|&#8221; subhead_text_color=&#8221;#ffffff&#8221; background_color=&#8221;#00aeef&#8221; background_image=&#8221;https:\/\/ms-ambulance.hr\/wp-content\/uploads\/2024\/07\/mapa-ms-design-Reference-v2.jpg&#8221; background_layout=&#8221;light&#8221; height=&#8221;500px&#8221; hover_enabled=&#8221;0&#8243; custom_css_main_element=&#8221;padding: 100px 0;&#8221; text_shadow_style=&#8221;preset3&#8243; text_shadow_horizontal_length=&#8221;0.2em&#8221; text_shadow_vertical_length=&#8221;0.2em&#8221; text_shadow_color=&#8221;rgba(10,10,10,0.72)&#8221; background_url=&#8221;https:\/\/ms-ambulance.hr\/wp-content\/uploads\/2016\/06\/mapa-ms-design-2.jpg&#8221; button_one_letter_spacing_hover=&#8221;0&#8243; button_two_letter_spacing_hover=&#8221;0&#8243; global_colors_info=&#8221;{}&#8221; button_one_text_size__hover_enabled=&#8221;off&#8221; button_two_text_size__hover_enabled=&#8221;off&#8221; button_one_text_color__hover_enabled=&#8221;off&#8221; button_two_text_color__hover_enabled=&#8221;off&#8221; button_one_border_width__hover_enabled=&#8221;off&#8221; button_two_border_width__hover_enabled=&#8221;off&#8221; button_one_border_color__hover_enabled=&#8221;off&#8221; button_two_border_color__hover_enabled=&#8221;off&#8221; button_one_border_radius__hover_enabled=&#8221;off&#8221; button_two_border_radius__hover_enabled=&#8221;off&#8221; button_one_letter_spacing__hover_enabled=&#8221;on&#8221; button_one_letter_spacing__hover=&#8221;0&#8243; button_two_letter_spacing__hover_enabled=&#8221;on&#8221; button_two_letter_spacing__hover=&#8221;0&#8243; button_one_bg_color__hover_enabled=&#8221;off&#8221; button_two_bg_color__hover_enabled=&#8221;off&#8221; sticky_enabled=&#8221;0&#8243;][\/et_pb_fullwidth_header][\/et_pb_section][et_pb_section fb_built=&#8221;1&#8243; specialty=&#8221;on&#8221; custom_padding_last_edited=&#8221;on|desktop&#8221; parallax_method_1=&#8221;off&#8221; parallax_method_2=&#8221;off&#8221; admin_label=&#8221;Section&#8221; module_id=&#8221;karakteristike-vozila&#8221; _builder_version=&#8221;4.16&#8243; background_color=&#8221;#ffffff&#8221; custom_padding=&#8221;20px|||&#8221; custom_padding_tablet=&#8221;50px|0|50px|0&#8243; custom_padding_phone=&#8221;50px|0|50px|0&#8243; transparent_background=&#8221;off&#8221; padding_mobile=&#8221;off&#8221; make_fullwidth=&#8221;off&#8221; use_custom_width=&#8221;off&#8221; width_unit=&#8221;on&#8221; global_colors_info=&#8221;{}&#8221;][et_pb_column type=&#8221;3_4&#8243; specialty_columns=&#8221;3&#8243; _builder_version=&#8221;4.16&#8243; custom_padding=&#8221;|||&#8221; global_colors_info=&#8221;{}&#8221; custom_padding__hover=&#8221;|||&#8221;][et_pb_row_inner column_structure=&#8221;1_2,1_2&#8243; padding_mobile=&#8221;off&#8221; use_custom_gutter=&#8221;on&#8221; gutter_width=&#8221;1&#8243; column_padding_mobile=&#8221;on&#8221; admin_label=&#8221;Row&#8221; _builder_version=&#8221;4.16&#8243; global_colors_info=&#8221;{}&#8221;][et_pb_column_inner type=&#8221;1_2&#8243; saved_specialty_column_type=&#8221;3_4&#8243; _builder_version=&#8221;4.16&#8243; custom_padding=&#8221;|||&#8221; global_colors_info=&#8221;{}&#8221; custom_padding__hover=&#8221;|||&#8221;][et_pb_text admin_label=&#8221;Text&#8221; _builder_version=&#8221;4.25.1&#8243; background_size=&#8221;initial&#8221; background_position=&#8221;top_left&#8221; background_repeat=&#8221;repeat&#8221; use_border_color=&#8221;off&#8221; border_color=&#8221;#ffffff&#8221; border_style=&#8221;solid&#8221; global_colors_info=&#8221;{}&#8221;]<\/p>\n<h2>Croatia<\/h2>\n<p>&nbsp;<\/p>\n<ul>\n<li>ZZHM Grad Zagreb<\/li>\n<li>ZZHM Vara\u017edinske \u017dupanije<\/li>\n<li>ZZHM Splitsko Dalmatinske \u017dupanije<\/li>\n<li>ZZHM Istarska \u017dupanija<\/li>\n<li>ZZHM Koprivni\u010dko Kri\u017eeva\u010dka \u017dupanija<\/li>\n<li>ZZHM Zagreba\u010dka \u017dupanija<\/li>\n<li>ZZHM Sisa\u010dko Moslava\u010dka \u017dupanija<\/li>\n<li>ZZHM Dubrova\u010dko Neretvanske \u017dupanije<\/li>\n<li>ZZHM Vukovarsko Srijemske \u017dupanije<\/li>\n<li>Istarski domovi zdravlja<\/li>\n<li>Dom zdravlja Slavonski brod<\/li>\n<li>Dom zdravlja Zadar<\/li>\n<li>Dom zdravlja \u010cakovec<\/li>\n<li>Dom zdravlja \u0160ibenik<\/li>\n<li>Dom zdravlja Sisak<\/li>\n<li>Dom zdravlja Bjelovar<\/li>\n<li>Dom zdravlja Vukovar<\/li>\n<li>Dom zdravlja Vinkovci<\/li>\n<li>Dom zdravlja Vara\u017edin<\/li>\n<li>Dom zdravlja Osijek<\/li>\n<li>Dom zdravlja Rijeka<\/li>\n<li>Dom zdravlja Po\u017eega \u201cMetronet\u201d<\/li>\n<li>Dom zdravlja Dubrovnik<\/li>\n<li>Dom zdravlja Kor\u010dula<\/li>\n<li>Dom zdravlja Kostajnica<\/li>\n<li>Dom zdravlja Split<\/li>\n<li>KBC Osjek Petrova 3<\/li>\n<li>KBC Split<\/li>\n<li>Bolnica Lovran<\/li>\n<li>Specijalna bolnica za kroni\u010dne dje\u010dje bolesti Gornja Bistra<\/li>\n<li>\u201cBina Istra\u201d<\/li>\n<li>Peugeot Hrvatska<\/li>\n<li>Citroen Ceri\u0107<\/li>\n<li>Mercedes \u0160kojo<\/li>\n<li>PZ \u2013 AUTO<\/li>\n<li>Autokomerce Hrvatska<\/li>\n<\/ul>\n<div id=\"gtx-trans\" style=\"position: absolute; left: 62px; top: 10.6607px;\">\n<div class=\"gtx-trans-icon\">\u00a0<\/div>\n<\/div>\n<p>[\/et_pb_text][\/et_pb_column_inner][et_pb_column_inner type=&#8221;1_2&#8243; saved_specialty_column_type=&#8221;3_4&#8243; _builder_version=&#8221;4.16&#8243; custom_padding=&#8221;|||&#8221; global_colors_info=&#8221;{}&#8221; custom_padding__hover=&#8221;|||&#8221;][et_pb_text admin_label=&#8221;Text&#8221; _builder_version=&#8221;4.25.1&#8243; background_size=&#8221;initial&#8221; background_position=&#8221;top_left&#8221; background_repeat=&#8221;repeat&#8221; use_border_color=&#8221;off&#8221; border_color=&#8221;#ffffff&#8221; border_style=&#8221;solid&#8221; global_colors_info=&#8221;{}&#8221;]<\/p>\n<h2>World<\/h2>\n<p>&nbsp;<\/p>\n<ul>\n<li>Italy<\/li>\n<li>Finland<\/li>\n<li>Azerbaijan<\/li>\n<li>Kazakhstan<\/li>\n<li>Tunisia<\/li>\n<li>Great Britain<\/li>\n<li>Thailand<\/li>\n<li>Bosnia and Herzegovina<\/li>\n<li>Slovakia<\/li>\n<li>Bulgaria<\/li>\n<li>Netherlands<\/li>\n<li>Slovenija<\/li>\n<li>Moldavia<\/li>\n<li>Nigeria<\/li>\n<li>Serbia<\/li>\n<li>Czech Republic<\/li>\n<li>Austria<\/li>\n<li>Hungary<\/li>\n<li>Poland<\/li>\n<\/ul>\n<p>&nbsp;<\/p>\n<p>[\/et_pb_text][\/et_pb_column_inner][\/et_pb_row_inner][\/et_pb_column][et_pb_column type=&#8221;1_4&#8243; _builder_version=&#8221;4.16&#8243; custom_padding=&#8221;|||&#8221; global_colors_info=&#8221;{}&#8221; custom_padding__hover=&#8221;|||&#8221;][et_pb_sidebar orientation=&#8221;right&#8221; area=&#8221;sidebar-1&#8243; admin_label=&#8221;Sidebar&#8221; module_class=&#8221;gray-sidebar&#8221; _builder_version=&#8221;4.16&#8243; remove_border=&#8221;off&#8221; global_colors_info=&#8221;{}&#8221;][\/et_pb_sidebar][\/et_pb_column][\/et_pb_section]<\/p>\n","protected":false},"excerpt":{"rendered":"<p>Croatia &nbsp; ZZHM Grad Zagreb ZZHM Vara\u017edinske \u017dupanije ZZHM Splitsko Dalmatinske \u017dupanije ZZHM Istarska \u017dupanija ZZHM Koprivni\u010dko Kri\u017eeva\u010dka \u017dupanija ZZHM Zagreba\u010dka \u017dupanija ZZHM Sisa\u010dko Moslava\u010dka \u017dupanija ZZHM Dubrova\u010dko Neretvanske \u017dupanije ZZHM Vukovarsko Srijemske \u017dupanije Istarski domovi zdravlja Dom zdravlja Slavonski brod Dom zdravlja Zadar Dom zdravlja \u010cakovec Dom zdravlja \u0160ibenik Dom zdravlja Sisak Dom zdravlja [&hellip;]<\/p>\n","protected":false},"author":1,"featured_media":0,"parent":0,"menu_order":0,"comment_status":"closed","ping_status":"closed","template":"","meta":{"_et_pb_use_builder":"on","_et_pb_old_content":"<p>[et_pb_section admin_label=\"section\" fullwidth=\"on\" specialty=\"off\" inner_shadow=\"off\" parallax=\"off\" transparent_background=\"off\" background_color=\"#ffffff\" allow_player_pause=\"off\" parallax_method=\"off\" padding_mobile=\"off\" make_fullwidth=\"off\" use_custom_width=\"off\" width_unit=\"on\" make_equal=\"off\" use_custom_gutter=\"off\" custom_css_main_element=\"border-bottom:50px solid #f9f9f9\"][et_pb_fullwidth_header admin_label=\"Fullwidth Header\" title=\"Reference\" subhead=\"Lista na\u0161ih zadovoljnih klijenata\" background_layout=\"light\" text_orientation=\"left\" header_fullscreen=\"off\" header_scroll_down=\"off\" parallax=\"off\" parallax_method=\"off\" content_orientation=\"center\" image_orientation=\"center\" custom_button_one=\"off\" button_one_letter_spacing=\"0\" button_one_use_icon=\"default\" button_one_icon_placement=\"right\" button_one_on_hover=\"on\" button_one_letter_spacing_hover=\"0\" custom_button_two=\"off\" button_two_letter_spacing=\"0\" button_two_use_icon=\"default\" button_two_icon_placement=\"right\" button_two_on_hover=\"on\" button_two_letter_spacing_hover=\"0\" background_color=\"#00aeef\" title_font_color=\"#ffffff\" title_font=\"Open Sans|on|||\" subhead_font_color=\"#ffffff\" subhead_font=\"Open Sans|||on|\" content_font=\"Open Sans||||\" content_font_size=\"16px\" background_url=\"https:\/\/ms-ambulance.hr\/wp-content\/uploads\/2016\/06\/header-mapa.jpg\"] [\/et_pb_fullwidth_header][\/et_pb_section][et_pb_section admin_label=\"Section\" fullwidth=\"off\" specialty=\"on\" transparent_background=\"off\" background_color=\"#ffffff\" allow_player_pause=\"off\" inner_shadow=\"off\" parallax=\"off\" parallax_method=\"off\" padding_mobile=\"off\" make_fullwidth=\"off\" use_custom_width=\"off\" width_unit=\"on\" make_equal=\"off\" use_custom_gutter=\"off\" parallax_1=\"off\" parallax_method_1=\"off\" parallax_2=\"off\" parallax_method_2=\"off\" module_id=\"karakteristike-vozila\" custom_padding=\"20px|||\"][et_pb_column type=\"3_4\" specialty_columns=\"3\"][et_pb_row_inner admin_label=\"Row\" padding_mobile=\"off\" use_custom_gutter=\"on\" gutter_width=\"1\" column_padding_mobile=\"on\" make_equal=\"off\" parallax_1=\"off\" parallax_method_1=\"off\"][et_pb_column_inner type=\"1_2\" saved_specialty_column_type=\"3_4\"][et_pb_text admin_label=\"Text\" background_layout=\"light\" text_orientation=\"left\" use_border_color=\"off\" border_color=\"#ffffff\" border_style=\"solid\"]<\/p><h2>Hrvatska<\/h2><p>\u00a0<\/p><ul><li>Zavod za hitnu medicinu Grada Zagreba<\/li><li>Ustanova za hitnu medicinsku pomo\u0107 Osje\u010dko-baranjske \u017dupanije<\/li><li>Dom zdravlja Slavonski brod<\/li><li>Dom zdravlja Sisak<\/li><li>Dom zdravlja Bjelovar<\/li><li>Dom zdravlja Vukovar<\/li><li>Dom zdravlja Vinkovci<\/li><li>Dom zdravlja Vara\u017edin<\/li><li>Dom zdravlja Osijek<\/li><li>Dom zdravlja Split<\/li><li>Dom zdravlja \u0160ibenik<\/li><li>Dom zdravlja Rijeka<\/li><li>Dom zdravlja Po\u017eega\u201cMetronet\u201d<\/li><li>\u201cBina Istra\u201d<\/li><li>Peugeot Hrvatska<\/li><li>Citroen Ceri\u0107<\/li><li>Mercedes \u0160kojo<\/li><li>PZ \u2013 AUTO<\/li><li>Autokomerce Hrvatska<\/li><\/ul><p>[\/et_pb_text][\/et_pb_column_inner][et_pb_column_inner type=\"1_2\" saved_specialty_column_type=\"3_4\"][et_pb_text admin_label=\"Text\" background_layout=\"light\" text_orientation=\"left\" use_border_color=\"off\" border_color=\"#ffffff\" border_style=\"solid\"]<\/p><h2>Svijet<\/h2><p>\u00a0<\/p><ul><li>Italija<\/li><li>Finska<\/li><li>Azerbed\u017ean<\/li><li>Kazahstan<\/li><li>Tunis<\/li><li>Velika Britanija<\/li><li>Tajland<\/li><li>BIH<\/li><\/ul><p>[\/et_pb_text][\/et_pb_column_inner][\/et_pb_row_inner][\/et_pb_column][et_pb_column type=\"1_4\"][et_pb_sidebar admin_label=\"Sidebar\" orientation=\"right\" area=\"sidebar-1\" background_layout=\"light\" remove_border=\"off\" module_class=\"gray-sidebar\"] [\/et_pb_sidebar][\/et_pb_column][\/et_pb_section]<\/p>","_et_gb_content_width":"","footnotes":""},"class_list":["post-2956","page","type-page","status-publish","hentry"],"_links":{"self":[{"href":"https:\/\/ms-ambulance.hr\/en\/wp-json\/wp\/v2\/pages\/2956","targetHints":{"allow":["GET"]}}],"collection":[{"href":"https:\/\/ms-ambulance.hr\/en\/wp-json\/wp\/v2\/pages"}],"about":[{"href":"https:\/\/ms-ambulance.hr\/en\/wp-json\/wp\/v2\/types\/page"}],"author":[{"embeddable":true,"href":"https:\/\/ms-ambulance.hr\/en\/wp-json\/wp\/v2\/users\/1"}],"replies":[{"embeddable":true,"href":"https:\/\/ms-ambulance.hr\/en\/wp-json\/wp\/v2\/comments?post=2956"}],"version-history":[{"count":22,"href":"https:\/\/ms-ambulance.hr\/en\/wp-json\/wp\/v2\/pages\/2956\/revisions"}],"predecessor-version":[{"id":7003,"href":"https:\/\/ms-ambulance.hr\/en\/wp-json\/wp\/v2\/pages\/2956\/revisions\/7003"}],"wp:attachment":[{"href":"https:\/\/ms-ambulance.hr\/en\/wp-json\/wp\/v2\/media?parent=2956"}],"curies":[{"name":"wp","href":"https:\/\/api.w.org\/{rel}","templated":true}]}}