{"id":3273,"date":"2016-09-20T09:54:55","date_gmt":"2016-09-20T09:54:55","guid":{"rendered":"http:\/\/crotalus.me\/ms-design.hr\/en\/?page_id=3273"},"modified":"2024-05-20T17:45:33","modified_gmt":"2024-05-20T17:45:33","slug":"sales-of-vehicles","status":"publish","type":"page","link":"https:\/\/ms-ambulance.hr\/en\/sales-of-vehicles\/","title":{"rendered":"Sales of vehicles"},"content":{"rendered":"<p>[et_pb_section fb_built=&#8221;1&#8243; inner_shadow=&#8221;on&#8221; fullwidth=&#8221;on&#8221; custom_padding_last_edited=&#8221;on|desktop&#8221; admin_label=&#8221;section&#8221; _builder_version=&#8221;4.16&#8243; background_color=&#8221;#2ea3f2&#8243; custom_padding_tablet=&#8221;50px|0|50px|0&#8243; custom_padding_phone=&#8221;50px|0|50px|0&#8243; transparent_background=&#8221;off&#8221; padding_mobile=&#8221;off&#8221; make_fullwidth=&#8221;off&#8221; use_custom_width=&#8221;off&#8221; width_unit=&#8221;on&#8221; global_colors_info=&#8221;{}&#8221;][et_pb_fullwidth_header title=&#8221;Sale of medical vehicles&#8221; subhead=&#8221;Service of ambulances and emergency vehicles&#8221; image_orientation=&#8221;bottom&#8221; content_max_width=&#8221;none&#8221; title_font_color=&#8221;#ffffff&#8221; subhead_font_color=&#8221;#ffffff&#8221; admin_label=&#8221;Fullwidth Header&#8221; _builder_version=&#8221;4.16&#8243; title_font=&#8221;Open Sans|on|||&#8221; title_text_color=&#8221;#ffffff&#8221; title_font_size=&#8221;45px&#8221; content_font=&#8221;Open Sans||||&#8221; content_font_size=&#8221;15px&#8221; subhead_font=&#8221;Open Sans|||on|&#8221; subhead_text_color=&#8221;#ffffff&#8221; subhead_font_size=&#8221;15&#8243; background_color=&#8221;#00aeef&#8221; background_image=&#8221;https:\/\/ms-ambulance.hr\/wp-content\/uploads\/2016\/06\/ms-bg4.jpg&#8221; custom_css_button_1=&#8221;width: 250px;|| float: right;|| margin-top: -85px;&#8221; background_url=&#8221;https:\/\/ms-ambulance.hr\/wp-content\/uploads\/2016\/06\/ms-bg4.jpg&#8221; button_one_letter_spacing_hover=&#8221;0&#8243; button_two_letter_spacing_hover=&#8221;0&#8243; button_one_bg_color_hover=&#8221;#27ae60&#8243; global_colors_info=&#8221;{}&#8221; button_one_text_size__hover_enabled=&#8221;off&#8221; button_two_text_size__hover_enabled=&#8221;off&#8221; button_one_text_color__hover_enabled=&#8221;off&#8221; button_two_text_color__hover_enabled=&#8221;off&#8221; button_one_border_width__hover_enabled=&#8221;off&#8221; button_two_border_width__hover_enabled=&#8221;off&#8221; button_one_border_color__hover_enabled=&#8221;off&#8221; button_two_border_color__hover_enabled=&#8221;off&#8221; button_one_border_radius__hover_enabled=&#8221;off&#8221; button_two_border_radius__hover_enabled=&#8221;off&#8221; button_one_letter_spacing__hover_enabled=&#8221;on&#8221; button_one_letter_spacing__hover=&#8221;0&#8243; button_two_letter_spacing__hover_enabled=&#8221;on&#8221; button_two_letter_spacing__hover=&#8221;0&#8243; button_one_bg_color__hover_enabled=&#8221;on&#8221; button_one_bg_color__hover=&#8221;#27ae60&#8243; button_two_bg_color__hover_enabled=&#8221;off&#8221;][\/et_pb_fullwidth_header][\/et_pb_section][et_pb_section fb_built=&#8221;1&#8243; custom_padding_last_edited=&#8221;on|desktop&#8221; admin_label=&#8221;Section&#8221; _builder_version=&#8221;4.16&#8243; background_color=&#8221;#f9f9f9&#8243; custom_padding=&#8221;15px||15px|&#8221; custom_padding_tablet=&#8221;50px|0|50px|0&#8243; custom_padding_phone=&#8221;50px|0|50px|0&#8243; transparent_background=&#8221;off&#8221; padding_mobile=&#8221;off&#8221; make_fullwidth=&#8221;off&#8221; use_custom_width=&#8221;off&#8221; width_unit=&#8221;on&#8221; global_colors_info=&#8221;{}&#8221;][et_pb_row admin_label=&#8221;Row&#8221; _builder_version=&#8221;4.16&#8243; background_size=&#8221;initial&#8221; background_position=&#8221;top_left&#8221; background_repeat=&#8221;repeat&#8221; global_colors_info=&#8221;{}&#8221;][et_pb_column type=&#8221;4_4&#8243; _builder_version=&#8221;4.16&#8243; custom_padding=&#8221;|||&#8221; global_colors_info=&#8221;{}&#8221; custom_padding__hover=&#8221;|||&#8221;][et_pb_code admin_label=&#8221;Code&#8221; _builder_version=&#8221;4.16&#8243; locked=&#8221;off&#8221; global_colors_info=&#8221;{}&#8221;]<\/p>\n<div class=\"ponuda-vozila\">\n<h4>Vehicles from stock which are available for sale you can find on: <a href=\"http:\/\/autoline.hr\/ms-design\/\" style=\"color:#0D70CE\">autoline.hr<\/a><\/h4>\n<\/div>\n<p>[\/et_pb_code][et_pb_button button_url=&#8221;https:\/\/ms-ambulance.hr\/shop\/en\/&#8221; button_text=&#8221;Here you can request an informative offer&#8221; button_alignment=&#8221;left&#8221; disabled_on=&#8221;on|on|on&#8221; admin_label=&#8221;Button&#8221; _builder_version=&#8221;4.16&#8243; custom_button=&#8221;on&#8221; button_text_color=&#8221;#ffffff&#8221; button_bg_color=&#8221;#00aeef&#8221; button_border_width=&#8221;0&#8243; button_border_radius=&#8221;3px&#8221; button_icon=&#8221;&#x35;||divi||400&#8243; custom_css_main_element=&#8221;padding-top: 10px;||padding-bottom: 10px;||width: 450px;&#8221; button_border_radius_hover=&#8221;3px&#8221; button_letter_spacing_hover=&#8221;0&#8243; disabled=&#8221;on&#8221; global_colors_info=&#8221;{}&#8221; button_text_size__hover_enabled=&#8221;off&#8221; button_one_text_size__hover_enabled=&#8221;off&#8221; button_two_text_size__hover_enabled=&#8221;off&#8221; button_text_color__hover_enabled=&#8221;off&#8221; button_one_text_color__hover_enabled=&#8221;off&#8221; button_two_text_color__hover_enabled=&#8221;off&#8221; button_border_width__hover_enabled=&#8221;off&#8221; button_one_border_width__hover_enabled=&#8221;off&#8221; button_two_border_width__hover_enabled=&#8221;off&#8221; button_border_color__hover_enabled=&#8221;off&#8221; button_one_border_color__hover_enabled=&#8221;off&#8221; button_two_border_color__hover_enabled=&#8221;off&#8221; button_border_radius__hover_enabled=&#8221;on&#8221; button_border_radius__hover=&#8221;3px&#8221; button_one_border_radius__hover_enabled=&#8221;off&#8221; button_two_border_radius__hover_enabled=&#8221;off&#8221; button_letter_spacing__hover_enabled=&#8221;on&#8221; button_letter_spacing__hover=&#8221;0&#8243; button_one_letter_spacing__hover_enabled=&#8221;off&#8221; button_two_letter_spacing__hover_enabled=&#8221;off&#8221; button_bg_color__hover_enabled=&#8221;off&#8221; button_one_bg_color__hover_enabled=&#8221;off&#8221; button_two_bg_color__hover_enabled=&#8221;off&#8221;][\/et_pb_button][\/et_pb_column][\/et_pb_row][\/et_pb_section][et_pb_section fb_built=&#8221;1&#8243; specialty=&#8221;on&#8221; custom_padding_last_edited=&#8221;on|desktop&#8221; parallax_method_1=&#8221;off&#8221; parallax_method_2=&#8221;off&#8221; admin_label=&#8221;section&#8221; _builder_version=&#8221;4.16&#8243; background_color=&#8221;#ffffff&#8221; custom_padding=&#8221;20px|||&#8221; custom_padding_tablet=&#8221;50px|0|50px|0&#8243; custom_padding_phone=&#8221;50px|0|50px|0&#8243; custom_css_main_element=&#8221;margin-top:-10px;&#8221; transparent_background=&#8221;off&#8221; padding_mobile=&#8221;off&#8221; make_fullwidth=&#8221;off&#8221; use_custom_width=&#8221;off&#8221; width_unit=&#8221;on&#8221; global_colors_info=&#8221;{}&#8221;][et_pb_column type=&#8221;3_4&#8243; specialty_columns=&#8221;3&#8243; _builder_version=&#8221;4.16&#8243; custom_padding=&#8221;|||&#8221; global_colors_info=&#8221;{}&#8221; custom_padding__hover=&#8221;|||&#8221;][et_pb_row_inner admin_label=&#8221;row_inner&#8221; _builder_version=&#8221;4.16&#8243; global_colors_info=&#8221;{}&#8221;][et_pb_column_inner saved_specialty_column_type=&#8221;3_4&#8243; _builder_version=&#8221;4.16&#8243; custom_padding=&#8221;|||&#8221; global_colors_info=&#8221;{}&#8221; custom_padding__hover=&#8221;|||&#8221;][et_pb_text admin_label=&#8221;Text&#8221; _builder_version=&#8221;4.16&#8243; text_font=&#8221;Open Sans||||&#8221; text_font_size=&#8221;15&#8243; text_line_height=&#8221;1.8em&#8221; background_size=&#8221;initial&#8221; background_position=&#8221;top_left&#8221; background_repeat=&#8221;repeat&#8221; use_border_color=&#8221;off&#8221; border_color=&#8221;#ffffff&#8221; border_style=&#8221;solid&#8221; global_colors_info=&#8221;{}&#8221;]<\/p>\n<h2>Sales Terms and Conditions:<\/h2>\n<ul>\n<li>delivery FCC Zagreb Croatia unless otherwise agreed<\/li>\n<li>transportation of vehicles will pay the client itself (for transport outside the borders of HR)<\/li>\n<li>possible take over of the organization of transport<\/li>\n<li>payment confirmation of orders and reservations with a production capacity of 30%, anadvance at the beginning of processing 40-85% and the rest of the amount is paid before delivery of vehicles<\/li>\n<li>Prices of products and prices for processing are available on request<\/li>\n<li>warranty on the equipment and processing 2 years<\/li>\n<li>warranty for ofvehicles in the global market take in accordance withit sterms<\/li>\n<\/ul>\n<p>&nbsp;<\/p>\n<h3>Notes:<\/h3>\n<p>Availability of 90-150 days is for vehicles that are ordered.<\/p>\n<p>Availability 30-45 days for lager vehicles that are not processed &#8211; is possible only to choose the option of processing and medicale quipment.<\/p>\n<p>Ready-converted vehicles in stock are available in 7 days, possible choice of medical equipment. Stock availability for sale can be provided on request.<\/p>\n<p>&nbsp;<\/p>\n<h3>Transport:<\/h3>\n<p>Transportation of vehicles and equipment shall be done in accordance with the agreement and the decision of the customer.<br \/>\n[\/et_pb_text][\/et_pb_column_inner][\/et_pb_row_inner][et_pb_row_inner column_structure=&#8221;1_2,1_2&#8243; admin_label=&#8221;Row&#8221; _builder_version=&#8221;4.16&#8243; global_colors_info=&#8221;{}&#8221;][et_pb_column_inner type=&#8221;1_2&#8243; saved_specialty_column_type=&#8221;3_4&#8243; _builder_version=&#8221;4.16&#8243; custom_padding=&#8221;|||&#8221; global_colors_info=&#8221;{}&#8221; custom_padding__hover=&#8221;|||&#8221;][et_pb_image src=&#8221;https:\/\/ms-ambulance.hr\/wp-content\/uploads\/2016\/06\/Untitled.png&#8221; align_tablet=&#8221;center&#8221; align_phone=&#8221;center&#8221; align_last_edited=&#8221;on|desktop&#8221; admin_label=&#8221;Image&#8221; _builder_version=&#8221;4.16&#8243; animation_style=&#8221;slide&#8221; animation_direction=&#8221;left&#8221; animation_duration=&#8221;500ms&#8221; animation_intensity_slide=&#8221;10%&#8221; use_border_color=&#8221;off&#8221; border_color=&#8221;#ffffff&#8221; border_style=&#8221;solid&#8221; animation=&#8221;left&#8221; sticky=&#8221;off&#8221; always_center_on_mobile=&#8221;on&#8221; global_colors_info=&#8221;{}&#8221;][\/et_pb_image][\/et_pb_column_inner][et_pb_column_inner type=&#8221;1_2&#8243; saved_specialty_column_type=&#8221;3_4&#8243; _builder_version=&#8221;4.16&#8243; custom_padding=&#8221;|||&#8221; global_colors_info=&#8221;{}&#8221; custom_padding__hover=&#8221;|||&#8221;][et_pb_image src=&#8221;https:\/\/ms-ambulance.hr\/wp-content\/uploads\/2016\/06\/Untitled1.png&#8221; align_tablet=&#8221;center&#8221; align_phone=&#8221;center&#8221; align_last_edited=&#8221;on|desktop&#8221; admin_label=&#8221;Image&#8221; _builder_version=&#8221;4.16&#8243; animation_style=&#8221;slide&#8221; animation_direction=&#8221;left&#8221; animation_duration=&#8221;500ms&#8221; animation_intensity_slide=&#8221;10%&#8221; use_border_color=&#8221;off&#8221; border_color=&#8221;#ffffff&#8221; border_style=&#8221;solid&#8221; animation=&#8221;left&#8221; sticky=&#8221;off&#8221; always_center_on_mobile=&#8221;on&#8221; global_colors_info=&#8221;{}&#8221;][\/et_pb_image][\/et_pb_column_inner][\/et_pb_row_inner][\/et_pb_column][et_pb_column type=&#8221;1_4&#8243; _builder_version=&#8221;4.16&#8243; custom_padding=&#8221;|||&#8221; global_colors_info=&#8221;{}&#8221; custom_padding__hover=&#8221;|||&#8221;][et_pb_sidebar orientation=&#8221;right&#8221; area=&#8221;sidebar-1&#8243; admin_label=&#8221;Sidebar&#8221; module_class=&#8221;gray-sidebar&#8221; _builder_version=&#8221;4.16&#8243; remove_border=&#8221;off&#8221; global_colors_info=&#8221;{}&#8221;][\/et_pb_sidebar][\/et_pb_column][\/et_pb_section]<\/p>\n","protected":false},"excerpt":{"rendered":"<p>Sales Terms and Conditions: delivery FCC Zagreb Croatia unless otherwise agreed transportation of vehicles will pay the client itself (for transport outside the borders of HR) possible take over of the organization of transport payment confirmation of orders and reservations with a production capacity of 30%, anadvance at the beginning of processing 40-85% and the [&hellip;]<\/p>\n","protected":false},"author":2,"featured_media":0,"parent":0,"menu_order":0,"comment_status":"closed","ping_status":"closed","template":"","meta":{"_et_pb_use_builder":"on","_et_pb_old_content":"[et_pb_section admin_label=\"section\" fullwidth=\"on\" specialty=\"off\" background_color=\"#2ea3f2\" inner_shadow=\"on\" parallax=\"off\" transparent_background=\"off\" allow_player_pause=\"off\" parallax_method=\"off\" padding_mobile=\"off\" make_fullwidth=\"off\" use_custom_width=\"off\" width_unit=\"on\" make_equal=\"off\" use_custom_gutter=\"off\"][et_pb_fullwidth_header admin_label=\"Fullwidth Header\" title=\"Prodaja vozila\" subhead=\"Prodaja sanitetskih vozila i vozila hitne pomo\u0107i\" background_layout=\"dark\" text_orientation=\"left\" header_fullscreen=\"off\" header_scroll_down=\"off\" parallax=\"off\" parallax_method=\"off\" content_orientation=\"center\" image_orientation=\"bottom\" custom_button_one=\"off\" button_one_letter_spacing=\"0\" button_one_use_icon=\"default\" button_one_icon_placement=\"right\" button_one_on_hover=\"on\" button_one_letter_spacing_hover=\"0\" custom_button_two=\"off\" button_two_letter_spacing=\"0\" button_two_use_icon=\"default\" button_two_icon_placement=\"right\" button_two_on_hover=\"on\" button_two_letter_spacing_hover=\"0\" title_font_color=\"#ffffff\" title_font=\"Open Sans|on|||\" title_font_size=\"45px\" subhead_font_color=\"#ffffff\" subhead_font=\"Open Sans|||on|\" subhead_font_size=\"15\" content_font=\"Open Sans||||\" content_font_size=\"15px\" background_color=\"#00aeef\" background_url=\"https:\/\/ms-ambulance.hr\/wp-content\/uploads\/2016\/06\/ms-bg4.jpg\" button_one_text_color=\"#ffffff\" button_one_bg_color=\"#2ecc71\" button_one_border_width=\"0\" button_one_bg_color_hover=\"#27ae60\" custom_css_button_1=\"width: 250px;|| float: right;|| margin-top: -85px;\"] [\/et_pb_fullwidth_header][\/et_pb_section][et_pb_section admin_label=\"Section\" fullwidth=\"off\" specialty=\"off\" transparent_background=\"off\" background_color=\"#f9f9f9\" allow_player_pause=\"off\" inner_shadow=\"off\" parallax=\"off\" parallax_method=\"off\" custom_padding=\"15px||15px|\" padding_mobile=\"off\" make_fullwidth=\"off\" use_custom_width=\"off\" width_unit=\"on\" make_equal=\"off\" use_custom_gutter=\"off\"][et_pb_row admin_label=\"Row\"][et_pb_column type=\"4_4\"][et_pb_code admin_label=\"Code\"]<div class=\"ponuda-vozila\"><p>Ponudu vozila na prodaju pogledajte na: <a href=\"http:\/\/autoline.hr\/ms-design\/\">autoline.hr<\/a><\/p><\/div>[\/et_pb_code][et_pb_button admin_label=\"Button\" button_url=\"https:\/\/ms-ambulance.hr\/kupovina\/\" url_new_window=\"off\" button_text=\"Ovdje mo\u017eete zatra\u017eiti informativnu ponudu\" button_alignment=\"left\" background_layout=\"light\" custom_button=\"on\" button_text_color=\"#ffffff\" button_bg_color=\"#00aeef\" button_letter_spacing=\"0\" button_use_icon=\"default\" button_icon=\"%%20%%\" button_icon_placement=\"right\" button_on_hover=\"on\" button_letter_spacing_hover=\"0\" custom_css_main_element=\"padding-top: 10px;||padding-bottom: 10px;||width: 450px;\" button_border_radius=\"3px\" button_border_radius_hover=\"3px\" button_border_width=\"0\"] [\/et_pb_button][\/et_pb_column][\/et_pb_row][\/et_pb_section][et_pb_section admin_label=\"section\" fullwidth=\"off\" specialty=\"on\" transparent_background=\"off\" background_color=\"#ffffff\" allow_player_pause=\"off\" inner_shadow=\"off\" parallax=\"off\" parallax_method=\"off\" padding_mobile=\"off\" make_fullwidth=\"off\" use_custom_width=\"off\" width_unit=\"on\" make_equal=\"off\" use_custom_gutter=\"off\" parallax_1=\"off\" parallax_method_1=\"off\" parallax_2=\"off\" parallax_method_2=\"off\" custom_css_main_element=\"margin-top:-10px;\" custom_padding=\"20px|||\"][et_pb_column type=\"3_4\" specialty_columns=\"3\"][et_pb_row_inner admin_label=\"row_inner\"][et_pb_column_inner type=\"4_4\" saved_specialty_column_type=\"3_4\"][et_pb_text admin_label=\"Text\" background_layout=\"light\" text_orientation=\"left\" use_border_color=\"off\" border_color=\"#ffffff\" border_style=\"solid\" text_font=\"Open Sans||||\" text_font_size=\"15\" text_line_height=\"1.8em\"]\r\n<h2>Op\u0107i uvjeti prodaje:<\/h2>\r\n<ul>\r\n \t<li>isporuka fcc zagreb Hrvatska ako nije druk\u010dije dogovoreno<\/li>\r\n \t<li>prijevoz pla\u0107a naru\u010ditelj<\/li>\r\n \t<li>mogu\u0107e preuzimanje organizacije prijevoza<\/li>\r\n \t<li>pla\u0107anje potvrda narud\u017ebe i rezervacija proizvodnog kapaciteta 30 % avans kod po\u010detka prerade 40-85% ostataka iznosa pla\u0107a se prije isporuke vozila<\/li>\r\n \t<li>cijene proizvoda i prerada na upit<\/li>\r\n \t<li>garancija na opremu i preradu 2 godine<\/li>\r\n \t<li>garanciju na globalnom tr\u017ei\u0161tu preuzimamo u skladu sa ugovornim uvjetima<\/li>\r\n<\/ul>\r\n\u00a0\r\n<h3>Napomene:<\/h3>\r\nRaspolo\u017eivost od 90-150 dana je za vozila koja se naru\u010duju.\r\n\r\nRaspolo\u017eivost od 30-45 dana je za vozila na lageru koja nisu prera\u0111ena i mogu\u0107e je samo birati opcije prerade i med. opreme.\r\n\r\nPrera\u0111ena vozila na lageru su raspolo\u017eiva kroz 7 dana , mogu\u0107e biranje medicinske opreme po izboru. Raspolo\u017eivost lagera za prodaju mogu\u0107e je dobiti na upit.\r\n\r\n\u00a0\r\n<h3>Transport:<\/h3>\r\nTransport vozila i opreme vr\u0161i se u skladu sa dogovorom i odlukom kupca.\r\n\r\n[\/et_pb_text][\/et_pb_column_inner][\/et_pb_row_inner][et_pb_row_inner admin_label=\"Row\"][et_pb_column_inner type=\"1_2\" saved_specialty_column_type=\"3_4\"][et_pb_image admin_label=\"Image\" src=\"https:\/\/ms-ambulance.hr\/wp-content\/uploads\/2016\/06\/Untitled.png\" show_in_lightbox=\"off\" url_new_window=\"off\" use_overlay=\"off\" animation=\"left\" sticky=\"off\" align=\"left\" force_fullwidth=\"off\" always_center_on_mobile=\"on\" use_border_color=\"off\" border_color=\"#ffffff\" border_style=\"solid\"] [\/et_pb_image][\/et_pb_column_inner][et_pb_column_inner type=\"1_2\" saved_specialty_column_type=\"3_4\"][et_pb_image admin_label=\"Image\" src=\"https:\/\/ms-ambulance.hr\/wp-content\/uploads\/2016\/06\/Untitled1.png\" show_in_lightbox=\"off\" url_new_window=\"off\" use_overlay=\"off\" animation=\"left\" sticky=\"off\" align=\"left\" force_fullwidth=\"off\" always_center_on_mobile=\"on\" use_border_color=\"off\" border_color=\"#ffffff\" border_style=\"solid\"] [\/et_pb_image][\/et_pb_column_inner][\/et_pb_row_inner][\/et_pb_column][et_pb_column type=\"1_4\"][et_pb_sidebar admin_label=\"Sidebar\" orientation=\"right\" background_layout=\"light\" area=\"sidebar-1\" remove_border=\"off\" module_class=\"gray-sidebar\"] [\/et_pb_sidebar][\/et_pb_column][\/et_pb_section]","_et_gb_content_width":"","footnotes":""},"class_list":["post-3273","page","type-page","status-publish","hentry"],"_links":{"self":[{"href":"https:\/\/ms-ambulance.hr\/en\/wp-json\/wp\/v2\/pages\/3273","targetHints":{"allow":["GET"]}}],"collection":[{"href":"https:\/\/ms-ambulance.hr\/en\/wp-json\/wp\/v2\/pages"}],"about":[{"href":"https:\/\/ms-ambulance.hr\/en\/wp-json\/wp\/v2\/types\/page"}],"author":[{"embeddable":true,"href":"https:\/\/ms-ambulance.hr\/en\/wp-json\/wp\/v2\/users\/2"}],"replies":[{"embeddable":true,"href":"https:\/\/ms-ambulance.hr\/en\/wp-json\/wp\/v2\/comments?post=3273"}],"version-history":[{"count":15,"href":"https:\/\/ms-ambulance.hr\/en\/wp-json\/wp\/v2\/pages\/3273\/revisions"}],"predecessor-version":[{"id":6734,"href":"https:\/\/ms-ambulance.hr\/en\/wp-json\/wp\/v2\/pages\/3273\/revisions\/6734"}],"wp:attachment":[{"href":"https:\/\/ms-ambulance.hr\/en\/wp-json\/wp\/v2\/media?parent=3273"}],"curies":[{"name":"wp","href":"https:\/\/api.w.org\/{rel}","templated":true}]}}