{"id":3360,"date":"2016-09-20T11:14:09","date_gmt":"2016-09-20T11:14:09","guid":{"rendered":"http:\/\/crotalus.me\/ms-design.hr\/en\/?page_id=3360"},"modified":"2016-09-25T11:06:02","modified_gmt":"2016-09-25T11:06:02","slug":"electric-lateral-stair","status":"publish","type":"page","link":"https:\/\/ms-ambulance.hr\/en\/products\/electric-lateral-stair\/","title":{"rendered":"Electric lateral stair"},"content":{"rendered":"<p>[et_pb_section admin_label=&#8221;section&#8221; fullwidth=&#8221;on&#8221; specialty=&#8221;off&#8221; background_color=&#8221;#2ea3f2&#8243; inner_shadow=&#8221;on&#8221; parallax=&#8221;off&#8221;][et_pb_fullwidth_header admin_label=&#8221;Fullwidth Header&#8221; title=&#8221;Electric lateral stair&#8221; background_layout=&#8221;dark&#8221; text_orientation=&#8221;left&#8221; header_fullscreen=&#8221;off&#8221; header_scroll_down=&#8221;off&#8221; parallax=&#8221;off&#8221; parallax_method=&#8221;off&#8221; content_orientation=&#8221;center&#8221; image_orientation=&#8221;bottom&#8221; custom_button_one=&#8221;off&#8221; button_one_letter_spacing=&#8221;0&#8243; button_one_use_icon=&#8221;default&#8221; button_one_icon_placement=&#8221;right&#8221; button_one_on_hover=&#8221;on&#8221; button_one_letter_spacing_hover=&#8221;0&#8243; custom_button_two=&#8221;off&#8221; button_two_letter_spacing=&#8221;0&#8243; button_two_use_icon=&#8221;default&#8221; button_two_icon_placement=&#8221;right&#8221; button_two_on_hover=&#8221;on&#8221; button_two_letter_spacing_hover=&#8221;0&#8243; title_font_color=&#8221;#ffffff&#8221; title_font=&#8221;Open Sans|on|||&#8221; title_font_size=&#8221;45px&#8221; subhead_font_color=&#8221;#ffffff&#8221; subhead_font=&#8221;Open Sans|||on|&#8221; subhead_font_size=&#8221;15&#8243; content_font=&#8221;Open Sans||||&#8221; content_font_size=&#8221;15px&#8221; background_color=&#8221;#00aeef&#8221; background_url=&#8221;https:\/\/ms-ambulance.hr\/wp-content\/uploads\/2016\/06\/ms-bg4.jpg&#8221;]<\/p>\n<p>[\/et_pb_fullwidth_header][\/et_pb_section][et_pb_section admin_label=&#8221;section&#8221; fullwidth=&#8221;off&#8221; specialty=&#8221;off&#8221; background_color=&#8221;#f9f9f9&#8243; inner_shadow=&#8221;off&#8221; parallax=&#8221;off&#8221; transparent_background=&#8221;off&#8221; allow_player_pause=&#8221;off&#8221; parallax_method=&#8221;off&#8221; padding_mobile=&#8221;off&#8221; make_fullwidth=&#8221;off&#8221; use_custom_width=&#8221;off&#8221; width_unit=&#8221;on&#8221; make_equal=&#8221;off&#8221; use_custom_gutter=&#8221;off&#8221; custom_padding=&#8221;30px|0px|30px|0px&#8221; module_id=&#8221;vozilo-galerija&#8221;][et_pb_row admin_label=&#8221;row&#8221; make_fullwidth=&#8221;off&#8221; use_custom_width=&#8221;off&#8221; width_unit=&#8221;on&#8221; use_custom_gutter=&#8221;on&#8221; gutter_width=&#8221;1&#8243; padding_mobile=&#8221;off&#8221; allow_player_pause=&#8221;off&#8221; parallax=&#8221;off&#8221; parallax_method=&#8221;off&#8221; make_equal=&#8221;off&#8221; parallax_1=&#8221;off&#8221; parallax_method_1=&#8221;off&#8221; column_padding_mobile=&#8221;on&#8221; custom_padding=&#8221;20px|0px|20px|0px&#8221; parallax_2=&#8221;off&#8221; parallax_method_2=&#8221;off&#8221; parallax_3=&#8221;off&#8221; parallax_method_3=&#8221;off&#8221; module_class=&#8221;gallery-1-panel show-gallery&#8221;][et_pb_column type=&#8221;1_2&#8243;][et_pb_blurb admin_label=&#8221;Blurb&#8221; title=&#8221;Stair 1&#8243; url_new_window=&#8221;off&#8221; use_icon=&#8221;on&#8221; font_icon=&#8221;%%79%%&#8221; icon_color=&#8221;#ffffff&#8221; use_circle=&#8221;on&#8221; circle_color=&#8221;#005f86&#8243; use_circle_border=&#8221;on&#8221; circle_border_color=&#8221;#005f86&#8243; icon_placement=&#8221;left&#8221; animation=&#8221;left&#8221; background_layout=&#8221;light&#8221; text_orientation=&#8221;left&#8221; use_icon_font_size=&#8221;on&#8221; use_border_color=&#8221;off&#8221; border_color=&#8221;#ffffff&#8221; border_style=&#8221;solid&#8221; icon_font_size=&#8221;20&#8243; header_font=&#8221;Open Sans|on|||&#8221; header_font_size=&#8221;24&#8243; header_line_height=&#8221;1.1em&#8221; url=&#8221;https:\/\/ms-ambulance.hr\/en\/products\/external-stairs\/electric-lateral-stair\/&#8221;]<\/p>\n<p>Electric lateral stair<\/p>\n<p>[\/et_pb_blurb][\/et_pb_column][et_pb_column type=&#8221;1_2&#8243;][et_pb_blurb admin_label=&#8221;Blurb&#8221; title=&#8221;Stair 2&#8243; url_new_window=&#8221;off&#8221; use_icon=&#8221;on&#8221; font_icon=&#8221;%%79%%&#8221; icon_color=&#8221;#ffffff&#8221; use_circle=&#8221;on&#8221; circle_color=&#8221;#00aeef&#8221; use_circle_border=&#8221;on&#8221; circle_border_color=&#8221;#00aeef&#8221; icon_placement=&#8221;left&#8221; animation=&#8221;left&#8221; background_layout=&#8221;light&#8221; text_orientation=&#8221;left&#8221; use_icon_font_size=&#8221;on&#8221; use_border_color=&#8221;off&#8221; border_color=&#8221;#ffffff&#8221; border_style=&#8221;solid&#8221; icon_font_size=&#8221;20&#8243; header_font=&#8221;Open Sans|on|||&#8221; header_font_size=&#8221;24&#8243; header_line_height=&#8221;1.1em&#8221; url=&#8221;https:\/\/ms-ambulance.hr\/en\/products\/external-stairs\/fiksna-stepenica\/&#8221;]<\/p>\n<p>Fixed lateral stair<\/p>\n<p>[\/et_pb_blurb][\/et_pb_column][\/et_pb_row][\/et_pb_section][et_pb_section admin_label=&#8221;Section&#8221; fullwidth=&#8221;off&#8221; specialty=&#8221;on&#8221; transparent_background=&#8221;off&#8221; background_color=&#8221;#ffffff&#8221; allow_player_pause=&#8221;off&#8221; inner_shadow=&#8221;off&#8221; parallax=&#8221;off&#8221; parallax_method=&#8221;off&#8221; padding_mobile=&#8221;off&#8221; make_fullwidth=&#8221;off&#8221; use_custom_width=&#8221;off&#8221; width_unit=&#8221;on&#8221; make_equal=&#8221;off&#8221; use_custom_gutter=&#8221;off&#8221; parallax_1=&#8221;off&#8221; parallax_method_1=&#8221;off&#8221; parallax_2=&#8221;off&#8221; parallax_method_2=&#8221;off&#8221; module_id=&#8221;karakteristike-vozila&#8221; custom_padding=&#8221;20px|||&#8221; padding_right_1=&#8221;0px&#8221; custom_css_main_1=&#8221;margin-right: 30px !important;&#8221;][et_pb_column type=&#8221;3_4&#8243; specialty_columns=&#8221;3&#8243;][et_pb_row_inner admin_label=&#8221;Row&#8221; padding_mobile=&#8221;off&#8221; use_custom_gutter=&#8221;on&#8221; gutter_width=&#8221;1&#8243; column_padding_mobile=&#8221;on&#8221; make_equal=&#8221;off&#8221; parallax_1=&#8221;off&#8221; parallax_method_1=&#8221;off&#8221; custom_margin=&#8221;|20px||&#8221;][et_pb_column_inner type=&#8221;1_2&#8243; saved_specialty_column_type=&#8221;3_4&#8243;][et_pb_gallery admin_label=&#8221;Gallery&#8221; gallery_ids=&#8221;2286,2287&#8243; fullwidth=&#8221;on&#8221; posts_number=&#8221;3&#8243; show_title_and_caption=&#8221;off&#8221; show_pagination=&#8221;on&#8221; background_layout=&#8221;light&#8221; auto=&#8221;on&#8221; hover_overlay_color=&#8221;rgba(255,255,255,0.9)&#8221; caption_all_caps=&#8221;off&#8221; use_border_color=&#8221;off&#8221; border_color=&#8221;#ffffff&#8221; border_style=&#8221;solid&#8221; auto_speed=&#8221;3500&#8243;]<\/p>\n<p>[\/et_pb_gallery][\/et_pb_column_inner][et_pb_column_inner type=&#8221;1_2&#8243; saved_specialty_column_type=&#8221;3_4&#8243;][et_pb_text admin_label=&#8221;Text&#8221; background_layout=&#8221;light&#8221; text_orientation=&#8221;left&#8221; use_border_color=&#8221;off&#8221; border_color=&#8221;#ffffff&#8221; border_style=&#8221;solid&#8221; custom_padding=&#8221;|||30px&#8221;]<\/p>\n<h2>Technical specifications:<\/h2>\n<p>&nbsp;<\/p>\n<ul>\n<li>Dimensions \/ Dimension: 700\/1000 mm x 250 mm<\/li>\n<li>Capacity \/ load: 250 kg<\/li>\n<li>Material \/ material: hot galvanized steel, ribbed Al 2.3 mm \/ carbonsteel, Al<\/li>\n<li>Certification \/ Certification: EN 1789<\/li>\n<\/ul>\n<p>[\/et_pb_text][\/et_pb_column_inner][\/et_pb_row_inner][\/et_pb_column][et_pb_column type=&#8221;1_4&#8243;][et_pb_sidebar admin_label=&#8221;Sidebar&#8221; orientation=&#8221;right&#8221; area=&#8221;sidebar-1&#8243; background_layout=&#8221;light&#8221; remove_border=&#8221;off&#8221; module_class=&#8221;gray-sidebar&#8221;]<\/p>\n<p>[\/et_pb_sidebar][\/et_pb_column][\/et_pb_section]<\/p>\n","protected":false},"excerpt":{"rendered":"<p>Electric lateral stair Fixed lateral stair Technical specifications: &nbsp; Dimensions \/ Dimension: 700\/1000 mm x 250 mm Capacity \/ load: 250 kg Material \/ material: hot galvanized steel, ribbed Al 2.3 mm \/ carbonsteel, Al Certification \/ Certification: EN 1789<\/p>\n","protected":false},"author":2,"featured_media":0,"parent":2948,"menu_order":0,"comment_status":"closed","ping_status":"closed","template":"","meta":{"_et_pb_use_builder":"on","_et_pb_old_content":"[et_pb_section admin_label=\"section\" fullwidth=\"on\" specialty=\"off\" background_color=\"#2ea3f2\" inner_shadow=\"on\" parallax=\"off\"][et_pb_fullwidth_header admin_label=\"Fullwidth Header\" title=\"Elektric\u030cna boc\u030cna ulazna stepenica\" background_layout=\"dark\" text_orientation=\"left\" header_fullscreen=\"off\" header_scroll_down=\"off\" parallax=\"off\" parallax_method=\"off\" content_orientation=\"center\" image_orientation=\"bottom\" custom_button_one=\"off\" button_one_letter_spacing=\"0\" button_one_use_icon=\"default\" button_one_icon_placement=\"right\" button_one_on_hover=\"on\" button_one_letter_spacing_hover=\"0\" custom_button_two=\"off\" button_two_letter_spacing=\"0\" button_two_use_icon=\"default\" button_two_icon_placement=\"right\" button_two_on_hover=\"on\" button_two_letter_spacing_hover=\"0\" title_font_color=\"#ffffff\" title_font=\"Open Sans|on|||\" title_font_size=\"45px\" subhead_font_color=\"#ffffff\" subhead_font=\"Open Sans|||on|\" subhead_font_size=\"15\" content_font=\"Open Sans||||\" content_font_size=\"15px\" background_color=\"#00aeef\" background_url=\"https:\/\/ms-ambulance.hr\/wp-content\/uploads\/2016\/06\/ms-bg4.jpg\"]\r\n[\/et_pb_fullwidth_header][\/et_pb_section][et_pb_section admin_label=\"section\" fullwidth=\"off\" specialty=\"off\" background_color=\"#f9f9f9\" inner_shadow=\"off\" parallax=\"off\" transparent_background=\"off\" allow_player_pause=\"off\" parallax_method=\"off\" padding_mobile=\"off\" make_fullwidth=\"off\" use_custom_width=\"off\" width_unit=\"on\" make_equal=\"off\" use_custom_gutter=\"off\" custom_padding=\"30px|0px|30px|0px\" module_id=\"vozilo-galerija\"][et_pb_row admin_label=\"row\" make_fullwidth=\"off\" use_custom_width=\"off\" width_unit=\"on\" use_custom_gutter=\"on\" gutter_width=\"1\" padding_mobile=\"off\" allow_player_pause=\"off\" parallax=\"off\" parallax_method=\"off\" make_equal=\"off\" parallax_1=\"off\" parallax_method_1=\"off\" column_padding_mobile=\"on\" custom_padding=\"20px|0px|20px|0px\" parallax_2=\"off\" parallax_method_2=\"off\" parallax_3=\"off\" parallax_method_3=\"off\" module_class=\"gallery-1-panel show-gallery\"][et_pb_column type=\"1_2\"][et_pb_blurb admin_label=\"Blurb\" title=\"Stepenica 1\" url_new_window=\"off\" use_icon=\"on\" font_icon=\"%%79%%\" icon_color=\"#ffffff\" use_circle=\"on\" circle_color=\"#005f86\" use_circle_border=\"on\" circle_border_color=\"#005f86\" icon_placement=\"left\" animation=\"left\" background_layout=\"light\" text_orientation=\"left\" use_icon_font_size=\"on\" use_border_color=\"off\" border_color=\"#ffffff\" border_style=\"solid\" icon_font_size=\"20\" header_font=\"Open Sans|on|||\" header_font_size=\"24\" header_line_height=\"1.1em\" url=\"https:\/\/ms-ambulance.hr\/proizvodi\/vanjske-stepenice\/elektricna-bocna-ulazna-stepenica\/\"]\r\n\r\nElektri\u010dna bo\u010dna ulazna stepenica\r\n\r\n[\/et_pb_blurb][\/et_pb_column][et_pb_column type=\"1_2\"][et_pb_blurb admin_label=\"Blurb\" title=\"Stepenica 2\" url_new_window=\"off\" use_icon=\"on\" font_icon=\"%%79%%\" icon_color=\"#ffffff\" use_circle=\"on\" circle_color=\"#00aeef\" use_circle_border=\"on\" circle_border_color=\"#00aeef\" icon_placement=\"left\" animation=\"left\" background_layout=\"light\" text_orientation=\"left\" use_icon_font_size=\"on\" use_border_color=\"off\" border_color=\"#ffffff\" border_style=\"solid\" icon_font_size=\"20\" header_font=\"Open Sans|on|||\" header_font_size=\"24\" header_line_height=\"1.1em\" url=\"https:\/\/ms-ambulance.hr\/proizvodi\/vanjske-stepenice\/fiksna-stepenica\/\"]\r\n\r\nFiksna stepenica\r\n\r\n[\/et_pb_blurb][\/et_pb_column][\/et_pb_row][\/et_pb_section][et_pb_section admin_label=\"Section\" fullwidth=\"off\" specialty=\"on\" transparent_background=\"off\" background_color=\"#ffffff\" allow_player_pause=\"off\" inner_shadow=\"off\" parallax=\"off\" parallax_method=\"off\" padding_mobile=\"off\" make_fullwidth=\"off\" use_custom_width=\"off\" width_unit=\"on\" make_equal=\"off\" use_custom_gutter=\"off\" parallax_1=\"off\" parallax_method_1=\"off\" parallax_2=\"off\" parallax_method_2=\"off\" module_id=\"karakteristike-vozila\" custom_padding=\"20px|||\" padding_right_1=\"0px\" custom_css_main_1=\"margin-right: 30px !important;\"][et_pb_column type=\"3_4\" specialty_columns=\"3\"][et_pb_row_inner admin_label=\"Row\" padding_mobile=\"off\" use_custom_gutter=\"on\" gutter_width=\"1\" column_padding_mobile=\"on\" make_equal=\"off\" parallax_1=\"off\" parallax_method_1=\"off\" custom_margin=\"|20px||\"][et_pb_column_inner type=\"1_2\" saved_specialty_column_type=\"3_4\"][et_pb_gallery admin_label=\"Gallery\" gallery_ids=\"2286,2287\" fullwidth=\"on\" posts_number=\"3\" show_title_and_caption=\"off\" show_pagination=\"on\" background_layout=\"light\" auto=\"on\" hover_overlay_color=\"rgba(255,255,255,0.9)\" caption_all_caps=\"off\" use_border_color=\"off\" border_color=\"#ffffff\" border_style=\"solid\" auto_speed=\"3500\"]\r\n[\/et_pb_gallery][\/et_pb_column_inner][et_pb_column_inner type=\"1_2\" saved_specialty_column_type=\"3_4\"][et_pb_text admin_label=\"Text\" background_layout=\"light\" text_orientation=\"left\" use_border_color=\"off\" border_color=\"#ffffff\" border_style=\"solid\" custom_padding=\"|||30px\"]\r\n<h2>Tehni\u010dke specifikacije\u00a0:<\/h2>\r\n\u00a0\r\n<ul>\r\n \t<li>Dimenzije\/ Dimension :\u00a0 700\/1000mm x 250 mm<\/li>\r\n \t<li>Nosivost\/load \u00a0: 250 kg<\/li>\r\n \t<li>Materijal izrade \/ material \u00a0: vru\u0107e cin\u010dani \u010delik, rebrasti Al 2\/3 mm \/ carbon steel, Al<\/li>\r\n \t<li>Certifikacija \/ certification : EN 1789<\/li>\r\n<\/ul>\r\n[\/et_pb_text][\/et_pb_column_inner][\/et_pb_row_inner][\/et_pb_column][et_pb_column type=\"1_4\"][et_pb_sidebar admin_label=\"Sidebar\" orientation=\"right\" area=\"sidebar-1\" background_layout=\"light\" remove_border=\"off\" module_class=\"gray-sidebar\"]\r\n[\/et_pb_sidebar][\/et_pb_column][\/et_pb_section]","_et_gb_content_width":"","footnotes":""},"class_list":["post-3360","page","type-page","status-publish","hentry"],"_links":{"self":[{"href":"https:\/\/ms-ambulance.hr\/en\/wp-json\/wp\/v2\/pages\/3360","targetHints":{"allow":["GET"]}}],"collection":[{"href":"https:\/\/ms-ambulance.hr\/en\/wp-json\/wp\/v2\/pages"}],"about":[{"href":"https:\/\/ms-ambulance.hr\/en\/wp-json\/wp\/v2\/types\/page"}],"author":[{"embeddable":true,"href":"https:\/\/ms-ambulance.hr\/en\/wp-json\/wp\/v2\/users\/2"}],"replies":[{"embeddable":true,"href":"https:\/\/ms-ambulance.hr\/en\/wp-json\/wp\/v2\/comments?post=3360"}],"version-history":[{"count":4,"href":"https:\/\/ms-ambulance.hr\/en\/wp-json\/wp\/v2\/pages\/3360\/revisions"}],"predecessor-version":[{"id":3410,"href":"https:\/\/ms-ambulance.hr\/en\/wp-json\/wp\/v2\/pages\/3360\/revisions\/3410"}],"up":[{"embeddable":true,"href":"https:\/\/ms-ambulance.hr\/en\/wp-json\/wp\/v2\/pages\/2948"}],"wp:attachment":[{"href":"https:\/\/ms-ambulance.hr\/en\/wp-json\/wp\/v2\/media?parent=3360"}],"curies":[{"name":"wp","href":"https:\/\/api.w.org\/{rel}","templated":true}]}}