{"id":3478,"date":"2016-09-25T14:13:07","date_gmt":"2016-09-25T14:13:07","guid":{"rendered":"http:\/\/crotalus.me\/ms-design.hr\/en\/?page_id=3478"},"modified":"2016-09-25T14:13:49","modified_gmt":"2016-09-25T14:13:49","slug":"cardio-chair","status":"publish","type":"page","link":"https:\/\/ms-ambulance.hr\/en\/products\/cardio-chair\/","title":{"rendered":"Cardio chair"},"content":{"rendered":"<p>[et_pb_section admin_label=&#8221;section&#8221; fullwidth=&#8221;on&#8221; specialty=&#8221;off&#8221; background_color=&#8221;#2ea3f2&#8243; inner_shadow=&#8221;on&#8221; parallax=&#8221;off&#8221; transparent_background=&#8221;off&#8221; allow_player_pause=&#8221;off&#8221; parallax_method=&#8221;off&#8221; padding_mobile=&#8221;off&#8221; make_fullwidth=&#8221;off&#8221; use_custom_width=&#8221;off&#8221; width_unit=&#8221;on&#8221; make_equal=&#8221;off&#8221; use_custom_gutter=&#8221;off&#8221; custom_css_main_element=&#8221;border-bottom:50px solid #f9f9f9&#8243;][et_pb_fullwidth_header admin_label=&#8221;Fullwidth Header&#8221; title=&#8221;Cardio chair&#8221; background_layout=&#8221;dark&#8221; text_orientation=&#8221;left&#8221; header_fullscreen=&#8221;off&#8221; header_scroll_down=&#8221;off&#8221; parallax=&#8221;off&#8221; parallax_method=&#8221;off&#8221; content_orientation=&#8221;center&#8221; image_orientation=&#8221;bottom&#8221; custom_button_one=&#8221;off&#8221; button_one_letter_spacing=&#8221;0&#8243; button_one_use_icon=&#8221;default&#8221; button_one_icon_placement=&#8221;right&#8221; button_one_on_hover=&#8221;on&#8221; button_one_letter_spacing_hover=&#8221;0&#8243; custom_button_two=&#8221;off&#8221; button_two_letter_spacing=&#8221;0&#8243; button_two_use_icon=&#8221;default&#8221; button_two_icon_placement=&#8221;right&#8221; button_two_on_hover=&#8221;on&#8221; button_two_letter_spacing_hover=&#8221;0&#8243; title_font_color=&#8221;#ffffff&#8221; title_font=&#8221;Open Sans|on|||&#8221; title_font_size=&#8221;45px&#8221; subhead_font_color=&#8221;#ffffff&#8221; subhead_font=&#8221;Open Sans|||on|&#8221; subhead_font_size=&#8221;15&#8243; content_font=&#8221;Open Sans||||&#8221; content_font_size=&#8221;15px&#8221; background_color=&#8221;#00aeef&#8221; background_url=&#8221;https:\/\/ms-ambulance.hr\/wp-content\/uploads\/2016\/06\/ms-bg4.jpg&#8221;]<\/p>\n<p>[\/et_pb_fullwidth_header][\/et_pb_section][et_pb_section admin_label=&#8221;section&#8221; fullwidth=&#8221;off&#8221; specialty=&#8221;on&#8221;][et_pb_column type=&#8221;3_4&#8243; specialty_columns=&#8221;3&#8243;][et_pb_row_inner admin_label=&#8221;row_inner&#8221;][et_pb_column_inner type=&#8221;4_4&#8243; saved_specialty_column_type=&#8221;3_4&#8243;][et_pb_gallery admin_label=&#8221;Gallery&#8221; fullwidth=&#8221;on&#8221; show_title_and_caption=&#8221;on&#8221; show_pagination=&#8221;on&#8221; background_layout=&#8221;light&#8221; auto=&#8221;off&#8221; hover_overlay_color=&#8221;rgba(255,255,255,0.9)&#8221; caption_all_caps=&#8221;off&#8221; use_border_color=&#8221;off&#8221; border_color=&#8221;#ffffff&#8221; border_style=&#8221;solid&#8221;]<\/p>\n<p>[\/et_pb_gallery][\/et_pb_column_inner][\/et_pb_row_inner][et_pb_row_inner admin_label=&#8221;Row&#8221; padding_mobile=&#8221;off&#8221; use_custom_gutter=&#8221;off&#8221; column_padding_mobile=&#8221;on&#8221; make_equal=&#8221;off&#8221; parallax_1=&#8221;off&#8221; parallax_method_1=&#8221;off&#8221;][et_pb_column_inner type=&#8221;4_4&#8243; saved_specialty_column_type=&#8221;3_4&#8243;][et_pb_text admin_label=&#8221;Text&#8221; background_layout=&#8221;light&#8221; text_orientation=&#8221;left&#8221; use_border_color=&#8221;off&#8221; border_color=&#8221;#ffffff&#8221; border_style=&#8221;solid&#8221; disabled=&#8221;on&#8221; disabled_on=&#8221;on|on|on&#8221;]<\/p>\n<h3>Vrijednosti i na\u010dela poslovanja:<\/h3>\n<ul>\n<li>poslovati po najvi\u0161im eti\u010dkim na\u010delima<\/li>\n<li>podmirivati sva dugovanja prema suradnicima u dogovorenim rokovima<\/li>\n<li>odnositi se prema korisnicima, poslovnim partnerima i kolegama onako kako bi htjeli da se oni odnose prema nama<\/li>\n<li>zapo\u0161ljavati najbolje djelatnika i graditi najbolje mogu\u0107e poslovne odnose<\/li>\n<li>isporu\u010diti kvalitetne proizvode i pru\u017eiti najvi\u0161u mogu\u0107u razinu tehni\u010dke podr\u0161ke<\/li>\n<li>po\u0161tenje i besprijekornost u svakom poslovnom kontaktu<\/li>\n<\/ul>\n<p>[\/et_pb_text][\/et_pb_column_inner][\/et_pb_row_inner][\/et_pb_column][et_pb_column type=&#8221;1_4&#8243;][et_pb_sidebar admin_label=&#8221;Sidebar&#8221; orientation=&#8221;right&#8221; background_layout=&#8221;light&#8221;]<\/p>\n<p>[\/et_pb_sidebar][\/et_pb_column][\/et_pb_section]<\/p>\n","protected":false},"excerpt":{"rendered":"<p>Vrijednosti i na\u010dela poslovanja: poslovati po najvi\u0161im eti\u010dkim na\u010delima podmirivati sva dugovanja prema suradnicima u dogovorenim rokovima odnositi se prema korisnicima, poslovnim partnerima i kolegama onako kako bi htjeli da se oni odnose prema nama zapo\u0161ljavati najbolje djelatnika i graditi najbolje mogu\u0107e poslovne odnose isporu\u010diti kvalitetne proizvode i pru\u017eiti najvi\u0161u mogu\u0107u razinu tehni\u010dke podr\u0161ke po\u0161tenje [&hellip;]<\/p>\n","protected":false},"author":2,"featured_media":0,"parent":2948,"menu_order":0,"comment_status":"closed","ping_status":"closed","template":"","meta":{"_et_pb_use_builder":"on","_et_pb_old_content":"[et_pb_section admin_label=\"section\" fullwidth=\"on\" specialty=\"off\" background_color=\"#2ea3f2\" inner_shadow=\"on\" parallax=\"off\" transparent_background=\"off\" allow_player_pause=\"off\" parallax_method=\"off\" padding_mobile=\"off\" make_fullwidth=\"off\" use_custom_width=\"off\" width_unit=\"on\" make_equal=\"off\" use_custom_gutter=\"off\" custom_css_main_element=\"border-bottom:50px solid #f9f9f9\"][et_pb_fullwidth_header admin_label=\"Fullwidth Header\" title=\"Kardio stolica za upotrebu u vo\u017enji\" background_layout=\"dark\" text_orientation=\"left\" header_fullscreen=\"off\" header_scroll_down=\"off\" parallax=\"off\" parallax_method=\"off\" content_orientation=\"center\" image_orientation=\"bottom\" custom_button_one=\"off\" button_one_letter_spacing=\"0\" button_one_use_icon=\"default\" button_one_icon_placement=\"right\" button_one_on_hover=\"on\" button_one_letter_spacing_hover=\"0\" custom_button_two=\"off\" button_two_letter_spacing=\"0\" button_two_use_icon=\"default\" button_two_icon_placement=\"right\" button_two_on_hover=\"on\" button_two_letter_spacing_hover=\"0\" title_font_color=\"#ffffff\" title_font=\"Open Sans|on|||\" title_font_size=\"45px\" subhead_font_color=\"#ffffff\" subhead_font=\"Open Sans|||on|\" subhead_font_size=\"15\" content_font=\"Open Sans||||\" content_font_size=\"15px\" background_color=\"#00aeef\" background_url=\"https:\/\/ms-ambulance.hr\/wp-content\/uploads\/2016\/06\/ms-bg4.jpg\"]\r\n\r\n\r\n\r\n[\/et_pb_fullwidth_header][\/et_pb_section][et_pb_section admin_label=\"section\" fullwidth=\"off\" specialty=\"on\"][et_pb_column type=\"3_4\" specialty_columns=\"3\"][et_pb_row_inner admin_label=\"row_inner\"][et_pb_column_inner type=\"4_4\" saved_specialty_column_type=\"3_4\"][et_pb_gallery admin_label=\"Gallery\" fullwidth=\"on\" show_title_and_caption=\"on\" show_pagination=\"on\" background_layout=\"light\" auto=\"off\" hover_overlay_color=\"rgba(255,255,255,0.9)\" caption_all_caps=\"off\" use_border_color=\"off\" border_color=\"#ffffff\" border_style=\"solid\"]\r\n\r\n\r\n\r\n[\/et_pb_gallery][\/et_pb_column_inner][\/et_pb_row_inner][et_pb_row_inner admin_label=\"Row\" padding_mobile=\"off\" use_custom_gutter=\"off\" column_padding_mobile=\"on\" make_equal=\"off\" parallax_1=\"off\" parallax_method_1=\"off\"][et_pb_column_inner type=\"4_4\" saved_specialty_column_type=\"3_4\"][et_pb_text admin_label=\"Text\" background_layout=\"light\" text_orientation=\"left\" use_border_color=\"off\" border_color=\"#ffffff\" border_style=\"solid\" disabled=\"on\" disabled_on=\"on|on|on\"]\r\n\r\n<h3>Vrijednosti i na\u010dela poslovanja:<\/h3>\r\n<ul>\r\n \t<li>poslovati po najvi\u0161im eti\u010dkim na\u010delima<\/li>\r\n \t<li>podmirivati sva dugovanja prema suradnicima u dogovorenim rokovima<\/li>\r\n \t<li>odnositi se prema korisnicima, poslovnim partnerima i kolegama onako kako bi htjeli da se oni odnose prema nama<\/li>\r\n \t<li>zapo\u0161ljavati najbolje djelatnika i graditi najbolje mogu\u0107e poslovne odnose<\/li>\r\n \t<li>isporu\u010diti kvalitetne proizvode i pru\u017eiti najvi\u0161u mogu\u0107u razinu tehni\u010dke podr\u0161ke<\/li>\r\n \t<li>po\u0161tenje i besprijekornost u svakom poslovnom kontaktu<\/li>\r\n<\/ul>\r\n\r\n[\/et_pb_text][\/et_pb_column_inner][\/et_pb_row_inner][\/et_pb_column][et_pb_column type=\"1_4\"][et_pb_sidebar admin_label=\"Sidebar\" orientation=\"right\" background_layout=\"light\"]\r\n\r\n\r\n\r\n[\/et_pb_sidebar][\/et_pb_column][\/et_pb_section]","_et_gb_content_width":"","footnotes":""},"class_list":["post-3478","page","type-page","status-publish","hentry"],"_links":{"self":[{"href":"https:\/\/ms-ambulance.hr\/en\/wp-json\/wp\/v2\/pages\/3478","targetHints":{"allow":["GET"]}}],"collection":[{"href":"https:\/\/ms-ambulance.hr\/en\/wp-json\/wp\/v2\/pages"}],"about":[{"href":"https:\/\/ms-ambulance.hr\/en\/wp-json\/wp\/v2\/types\/page"}],"author":[{"embeddable":true,"href":"https:\/\/ms-ambulance.hr\/en\/wp-json\/wp\/v2\/users\/2"}],"replies":[{"embeddable":true,"href":"https:\/\/ms-ambulance.hr\/en\/wp-json\/wp\/v2\/comments?post=3478"}],"version-history":[{"count":2,"href":"https:\/\/ms-ambulance.hr\/en\/wp-json\/wp\/v2\/pages\/3478\/revisions"}],"predecessor-version":[{"id":5236,"href":"https:\/\/ms-ambulance.hr\/en\/wp-json\/wp\/v2\/pages\/3478\/revisions\/5236"}],"up":[{"embeddable":true,"href":"https:\/\/ms-ambulance.hr\/en\/wp-json\/wp\/v2\/pages\/2948"}],"wp:attachment":[{"href":"https:\/\/ms-ambulance.hr\/en\/wp-json\/wp\/v2\/media?parent=3478"}],"curies":[{"name":"wp","href":"https:\/\/api.w.org\/{rel}","templated":true}]}}